{"id":1527,"date":"2025-12-29T07:33:14","date_gmt":"2025-12-29T07:33:14","guid":{"rendered":"https:\/\/medlinecapitalquote.ca\/products\/sterilisateur-ritter-m9-ultraclave-2\/"},"modified":"2026-03-13T08:10:08","modified_gmt":"2026-03-13T08:10:08","slug":"sterilisateur-ritter-m9-ultraclave-2","status":"publish","type":"product","link":"https:\/\/medlinecapitalquote.ca\/fr\/products\/sterilisateur-ritter-m9-ultraclave-2\/","title":{"rendered":"St\u00e9rilisateur Ritter\u00ae M9\u00ae UltraClave\u00ae"},"content":{"rendered":"<ul>\n<li>P\u00e9n\u00e9tration toujours correcte gr\u00e2ce au syst\u00e8me d&rsquo;\u00e9limination de l&rsquo;air Steam-Flush Pressure Pulse<\/li>\n<li>\u00c9cran LCD pour une visualisation facile des indicateurs<\/li>\n<li>Simple \u00e0 utiliser, r\u00e9glage automatique de l&rsquo;heure et remplissage de la bonne quantit\u00e9 d&rsquo;eau lorsque vous s\u00e9lectionnez votre cycle<\/li>\n<li>Cr\u00e9ez des param\u00e8tres pour r\u00e9pondre \u00e0 vos besoins avec des contr\u00f4les auto-programm\u00e9s\/li>\n<\/ul>\n","protected":false},"excerpt":{"rendered":"<p>P\u00e9n\u00e9tration toujours correcte gr\u00e2ce au syst\u00e8me d&rsquo;\u00e9limination de l&rsquo;air Steam-Flush  [&#8230;]<\/p>\n","protected":false},"author":5,"featured_media":1108,"template":"","product-categories":[468],"product-rooms":[198,1116],"product-variations":[687,92],"clients":[],"class_list":["post-1527","product","type-product","status-publish","has-post-thumbnail","hentry","product_cat-sterilization-equipment-fr","product_room-surgery-centre-operating-room-fr","product_room-sterilization-room-fr","product_variation-manuel","product_variation-configuration-fr"],"acf":[],"_links":{"self":[{"href":"https:\/\/medlinecapitalquote.ca\/fr\/wp-json\/wp\/v2\/products\/1527","targetHints":{"allow":["GET"]}}],"collection":[{"href":"https:\/\/medlinecapitalquote.ca\/fr\/wp-json\/wp\/v2\/products"}],"about":[{"href":"https:\/\/medlinecapitalquote.ca\/fr\/wp-json\/wp\/v2\/types\/product"}],"author":[{"embeddable":true,"href":"https:\/\/medlinecapitalquote.ca\/fr\/wp-json\/wp\/v2\/users\/5"}],"wp:featuredmedia":[{"embeddable":true,"href":"https:\/\/medlinecapitalquote.ca\/fr\/wp-json\/wp\/v2\/media\/1108"}],"wp:attachment":[{"href":"https:\/\/medlinecapitalquote.ca\/fr\/wp-json\/wp\/v2\/media?parent=1527"}],"wp:term":[{"taxonomy":"product_cat","embeddable":true,"href":"https:\/\/medlinecapitalquote.ca\/fr\/wp-json\/wp\/v2\/product-categories?post=1527"},{"taxonomy":"product_room","embeddable":true,"href":"https:\/\/medlinecapitalquote.ca\/fr\/wp-json\/wp\/v2\/product-rooms?post=1527"},{"taxonomy":"product_variation","embeddable":true,"href":"https:\/\/medlinecapitalquote.ca\/fr\/wp-json\/wp\/v2\/product-variations?post=1527"},{"taxonomy":"client","embeddable":true,"href":"https:\/\/medlinecapitalquote.ca\/fr\/wp-json\/wp\/v2\/clients?post=1527"}],"curies":[{"name":"wp","href":"https:\/\/api.w.org\/{rel}","templated":true}]}}