{"id":1528,"date":"2025-12-25T20:40:55","date_gmt":"2025-12-25T20:40:55","guid":{"rendered":"https:\/\/medlinecapitalquote.ca\/products\/dessiccateur-a-haute-frequence-avec-commande-de-puissance-a-main-bovie-bantam-pro\/"},"modified":"2025-12-31T10:20:34","modified_gmt":"2025-12-31T10:20:34","slug":"dessiccateur-a-haute-frequence-avec-commande-de-puissance-a-main-bovie-bantam-pro","status":"publish","type":"product","link":"https:\/\/medlinecapitalquote.ca\/fr\/products\/dessiccateur-a-haute-frequence-avec-commande-de-puissance-a-main-bovie-bantam-pro\/","title":{"rendered":"Dessiccateur \u00e0 haute fr\u00e9quence avec commande de puissance \u00e0 main Bovie\u00ae Bantam Pro"},"content":{"rendered":"<ul>\n<li>Puissance de coupe de 50 W<\/li>\n<li>3 modes de fonctionnement : coupe, coupe m\u00e9lang\u00e9e et coagulation pr\u00e9cise<\/li>\n<li>Touches \u00e0 membrane faciles \u00e0 utiliser et cod\u00e9es par couleur<\/li>\n<li>Commandes et sorties sur le panneau avant pour une utilisation facile<\/li>\n<li>La puissance peut \u00eatre r\u00e9gl\u00e9e \u00e0 partir de la pi\u00e8ce \u00e0 main<\/li>\n<\/ul>\n","protected":false},"excerpt":{"rendered":"<p>Puissance de coupe de 50 W 3 modes de fonctionnement  [&#8230;]<\/p>\n","protected":false},"author":3,"featured_media":1323,"template":"","product-categories":[197],"product-rooms":[198],"product-variations":[],"clients":[],"class_list":["post-1528","product","type-product","status-publish","has-post-thumbnail","hentry","product_cat-cautery-and-accessories-fr","product_room-surgery-centre-operating-room-fr"],"acf":[],"_links":{"self":[{"href":"https:\/\/medlinecapitalquote.ca\/fr\/wp-json\/wp\/v2\/products\/1528","targetHints":{"allow":["GET"]}}],"collection":[{"href":"https:\/\/medlinecapitalquote.ca\/fr\/wp-json\/wp\/v2\/products"}],"about":[{"href":"https:\/\/medlinecapitalquote.ca\/fr\/wp-json\/wp\/v2\/types\/product"}],"author":[{"embeddable":true,"href":"https:\/\/medlinecapitalquote.ca\/fr\/wp-json\/wp\/v2\/users\/3"}],"wp:featuredmedia":[{"embeddable":true,"href":"https:\/\/medlinecapitalquote.ca\/fr\/wp-json\/wp\/v2\/media\/1323"}],"wp:attachment":[{"href":"https:\/\/medlinecapitalquote.ca\/fr\/wp-json\/wp\/v2\/media?parent=1528"}],"wp:term":[{"taxonomy":"product_cat","embeddable":true,"href":"https:\/\/medlinecapitalquote.ca\/fr\/wp-json\/wp\/v2\/product-categories?post=1528"},{"taxonomy":"product_room","embeddable":true,"href":"https:\/\/medlinecapitalquote.ca\/fr\/wp-json\/wp\/v2\/product-rooms?post=1528"},{"taxonomy":"product_variation","embeddable":true,"href":"https:\/\/medlinecapitalquote.ca\/fr\/wp-json\/wp\/v2\/product-variations?post=1528"},{"taxonomy":"client","embeddable":true,"href":"https:\/\/medlinecapitalquote.ca\/fr\/wp-json\/wp\/v2\/clients?post=1528"}],"curies":[{"name":"wp","href":"https:\/\/api.w.org\/{rel}","templated":true}]}}