{"id":1529,"date":"2025-12-29T07:36:13","date_gmt":"2025-12-29T07:36:13","guid":{"rendered":"https:\/\/medlinecapitalquote.ca\/products\/nettoyeur-de-table-a-ultrasons-quickclean\/"},"modified":"2026-03-13T08:54:52","modified_gmt":"2026-03-13T08:54:52","slug":"nettoyeur-de-table-a-ultrasons-quickclean","status":"publish","type":"product","link":"https:\/\/medlinecapitalquote.ca\/fr\/products\/nettoyeur-de-table-a-ultrasons-quickclean\/","title":{"rendered":"Nettoyeur de table \u00e0 ultrasons QuickClean\u2122"},"content":{"rendered":"<ul>\n<li>Logiciel Frequency-Leap garantissant que tous les instruments sont enti\u00e8rement nettoy\u00e9s, peu importe o\u00f9 ils se trouvent dans le panier<\/li>\n<li>Panneau de commande LCD num\u00e9rique affichant des invites, des options pour les param\u00e8tres pr\u00e9d\u00e9finis ou personnalis\u00e9s, la m\u00e9moire des param\u00e8tres de cycle et plus encore<\/li>\n<li>Les bains ont toujours des niveaux d&rsquo;eau suffisants gr\u00e2ce au capteur de fluide avanc\u00e9<\/li>\n<li> Facile \u00e0 utiliser d\u00e8s la sortie de la bo\u00eete pour aider \u00e0 r\u00e9duire le temps d&rsquo;entra\u00eenement<\/li>\n<li>Con\u00e7u pour un nettoyage puissant avec des r\u00e9sultats coh\u00e9rents<\/li>\n<\/ul>\n","protected":false},"excerpt":{"rendered":"<p>Logiciel Frequency-Leap garantissant que tous les instruments sont enti\u00e8rement nettoy\u00e9s,  [&#8230;]<\/p>\n","protected":false},"author":5,"featured_media":1110,"template":"","product-categories":[468],"product-rooms":[198,1116],"product-variations":[688,689,690,92],"clients":[],"class_list":["post-1529","product","type-product","status-publish","has-post-thumbnail","hentry","product_cat-sterilization-equipment-fr","product_room-surgery-centre-operating-room-fr","product_room-sterilization-room-fr","product_variation-12-gallons","product_variation-33-gallons","product_variation-66-gallons","product_variation-configuration-fr"],"acf":[],"_links":{"self":[{"href":"https:\/\/medlinecapitalquote.ca\/fr\/wp-json\/wp\/v2\/products\/1529","targetHints":{"allow":["GET"]}}],"collection":[{"href":"https:\/\/medlinecapitalquote.ca\/fr\/wp-json\/wp\/v2\/products"}],"about":[{"href":"https:\/\/medlinecapitalquote.ca\/fr\/wp-json\/wp\/v2\/types\/product"}],"author":[{"embeddable":true,"href":"https:\/\/medlinecapitalquote.ca\/fr\/wp-json\/wp\/v2\/users\/5"}],"wp:featuredmedia":[{"embeddable":true,"href":"https:\/\/medlinecapitalquote.ca\/fr\/wp-json\/wp\/v2\/media\/1110"}],"wp:attachment":[{"href":"https:\/\/medlinecapitalquote.ca\/fr\/wp-json\/wp\/v2\/media?parent=1529"}],"wp:term":[{"taxonomy":"product_cat","embeddable":true,"href":"https:\/\/medlinecapitalquote.ca\/fr\/wp-json\/wp\/v2\/product-categories?post=1529"},{"taxonomy":"product_room","embeddable":true,"href":"https:\/\/medlinecapitalquote.ca\/fr\/wp-json\/wp\/v2\/product-rooms?post=1529"},{"taxonomy":"product_variation","embeddable":true,"href":"https:\/\/medlinecapitalquote.ca\/fr\/wp-json\/wp\/v2\/product-variations?post=1529"},{"taxonomy":"client","embeddable":true,"href":"https:\/\/medlinecapitalquote.ca\/fr\/wp-json\/wp\/v2\/clients?post=1529"}],"curies":[{"name":"wp","href":"https:\/\/api.w.org\/{rel}","templated":true}]}}