{"id":1540,"date":"2025-12-26T07:21:55","date_gmt":"2025-12-26T07:21:55","guid":{"rendered":"https:\/\/medlinecapitalquote.ca\/products\/distributeur-mural-mains-libres-pour-bouteilles-de-coin-9200-9216-3m-avagard\/"},"modified":"2025-12-31T10:50:43","modified_gmt":"2025-12-31T10:50:43","slug":"distributeur-mural-mains-libres-pour-bouteilles-de-coin-9200-9216-3m-avagard","status":"publish","type":"product","link":"https:\/\/medlinecapitalquote.ca\/fr\/products\/distributeur-mural-mains-libres-pour-bouteilles-de-coin-9200-9216-3m-avagard\/","title":{"rendered":"Distributeur mural mains libres pour bouteilles de coin 9200\/9216 3M\u2122 Avagard\u2122"},"content":{"rendered":"<ul>\n<li>Con\u00e7u pour une utilisation rapide et facile dans un environnement de soins de sant\u00e9<\/li>\n<li>Fournit un acc\u00e8s facile aux antiseptiques pour les mains<\/li>\n<li>Aide au respect du protocole d&rsquo;hygi\u00e8ne des mains dans les soins de sant\u00e9 param\u00e8tres<\/li>\n<\/ul>\n","protected":false},"excerpt":{"rendered":"<p>Con\u00e7u pour une utilisation rapide et facile dans un environnement  [&#8230;]<\/p>\n","protected":false},"author":4,"featured_media":483,"template":"","product-categories":[466],"product-rooms":[198],"product-variations":[],"clients":[],"class_list":["post-1540","product","type-product","status-publish","has-post-thumbnail","hentry","product_cat-soap-and-sanitizer-dispensers-fr","product_room-surgery-centre-operating-room-fr"],"acf":[],"_links":{"self":[{"href":"https:\/\/medlinecapitalquote.ca\/fr\/wp-json\/wp\/v2\/products\/1540","targetHints":{"allow":["GET"]}}],"collection":[{"href":"https:\/\/medlinecapitalquote.ca\/fr\/wp-json\/wp\/v2\/products"}],"about":[{"href":"https:\/\/medlinecapitalquote.ca\/fr\/wp-json\/wp\/v2\/types\/product"}],"author":[{"embeddable":true,"href":"https:\/\/medlinecapitalquote.ca\/fr\/wp-json\/wp\/v2\/users\/4"}],"wp:featuredmedia":[{"embeddable":true,"href":"https:\/\/medlinecapitalquote.ca\/fr\/wp-json\/wp\/v2\/media\/483"}],"wp:attachment":[{"href":"https:\/\/medlinecapitalquote.ca\/fr\/wp-json\/wp\/v2\/media?parent=1540"}],"wp:term":[{"taxonomy":"product_cat","embeddable":true,"href":"https:\/\/medlinecapitalquote.ca\/fr\/wp-json\/wp\/v2\/product-categories?post=1540"},{"taxonomy":"product_room","embeddable":true,"href":"https:\/\/medlinecapitalquote.ca\/fr\/wp-json\/wp\/v2\/product-rooms?post=1540"},{"taxonomy":"product_variation","embeddable":true,"href":"https:\/\/medlinecapitalquote.ca\/fr\/wp-json\/wp\/v2\/product-variations?post=1540"},{"taxonomy":"client","embeddable":true,"href":"https:\/\/medlinecapitalquote.ca\/fr\/wp-json\/wp\/v2\/clients?post=1540"}],"curies":[{"name":"wp","href":"https:\/\/api.w.org\/{rel}","templated":true}]}}