{"id":1543,"date":"2025-12-26T07:24:08","date_gmt":"2025-12-26T07:24:08","guid":{"rendered":"https:\/\/medlinecapitalquote.ca\/products\/distributeur-sans-contact-gojo-purell-es8-pour-recharge-de-desinfectant-pour-les-mains-12-l\/"},"modified":"2026-01-27T10:42:31","modified_gmt":"2026-01-27T10:42:31","slug":"distributeur-sans-contact-gojo-purell-es8-pour-recharge-de-desinfectant-pour-les-mains-12-l","status":"publish","type":"product","link":"https:\/\/medlinecapitalquote.ca\/fr\/products\/distributeur-sans-contact-gojo-purell-es8-pour-recharge-de-desinfectant-pour-les-mains-12-l\/","title":{"rendered":"Distributeur sans contact GOJO\u00ae PURELL\u00ae ES8 pour recharge de d\u00e9sinfectant pour les mains, 1,2 L"},"content":{"rendered":"<ul>\n<li>Distributeur sans contact toujours pr\u00eat avec recharge d&rsquo;\u00e9nergie; chaque nouvelle recharge est livr\u00e9e avec sa propre source d&rsquo;\u00e9nergie, une pile bouton int\u00e9gr\u00e9e \u00e0 la recharge<\/li>\n<li>Concept de recharge AT-A-GLANCE\u2122 pour la surveillance des niveaux de produit en un coup d&rsquo;oeil<br \/>\n&lt; \/li&gt;<\/li>\n<li>Utilisation des recharges de d\u00e9sinfectant pour les mains Purell ES8 de 1\u00a0200\u00a0mL<\/li>\n<li>Distributeur et formulation calibr\u00e9s pour fournir la dose optimale pour une hygi\u00e8ne efficace des mains<\/li>\n<li>Bouteille de recharge en PET scell\u00e9e avec collier d\u00e9tachable pour un recyclage facile et technologie Lock or Not qui peut convertir l&rsquo;unit\u00e9 en syst\u00e8me de verrouillage<\/li>\n<\/ul>\n","protected":false},"excerpt":{"rendered":"<p>Distributeur sans contact toujours pr\u00eat avec recharge d&rsquo;\u00e9nergie; chaque nouvelle  [&#8230;]<\/p>\n","protected":false},"author":4,"featured_media":485,"template":"","product-categories":[466],"product-rooms":[74],"product-variations":[524,95,527],"clients":[],"class_list":["post-1543","product","type-product","status-publish","has-post-thumbnail","hentry","product_cat-soap-and-sanitizer-dispensers-fr","product_room-exam-room-fr","product_variation-blanc","product_variation-colour-fr","product_variation-graphite-fr"],"acf":[],"_links":{"self":[{"href":"https:\/\/medlinecapitalquote.ca\/fr\/wp-json\/wp\/v2\/products\/1543","targetHints":{"allow":["GET"]}}],"collection":[{"href":"https:\/\/medlinecapitalquote.ca\/fr\/wp-json\/wp\/v2\/products"}],"about":[{"href":"https:\/\/medlinecapitalquote.ca\/fr\/wp-json\/wp\/v2\/types\/product"}],"author":[{"embeddable":true,"href":"https:\/\/medlinecapitalquote.ca\/fr\/wp-json\/wp\/v2\/users\/4"}],"wp:featuredmedia":[{"embeddable":true,"href":"https:\/\/medlinecapitalquote.ca\/fr\/wp-json\/wp\/v2\/media\/485"}],"wp:attachment":[{"href":"https:\/\/medlinecapitalquote.ca\/fr\/wp-json\/wp\/v2\/media?parent=1543"}],"wp:term":[{"taxonomy":"product_cat","embeddable":true,"href":"https:\/\/medlinecapitalquote.ca\/fr\/wp-json\/wp\/v2\/product-categories?post=1543"},{"taxonomy":"product_room","embeddable":true,"href":"https:\/\/medlinecapitalquote.ca\/fr\/wp-json\/wp\/v2\/product-rooms?post=1543"},{"taxonomy":"product_variation","embeddable":true,"href":"https:\/\/medlinecapitalquote.ca\/fr\/wp-json\/wp\/v2\/product-variations?post=1543"},{"taxonomy":"client","embeddable":true,"href":"https:\/\/medlinecapitalquote.ca\/fr\/wp-json\/wp\/v2\/clients?post=1543"}],"curies":[{"name":"wp","href":"https:\/\/api.w.org\/{rel}","templated":true}]}}