{"id":1544,"date":"2025-12-29T07:41:14","date_gmt":"2025-12-29T07:41:14","guid":{"rendered":"https:\/\/medlinecapitalquote.ca\/products\/analyseur-et-accessoires-dca-vantage\/"},"modified":"2026-01-07T16:08:54","modified_gmt":"2026-01-07T16:08:54","slug":"analyseur-et-accessoires-dca-vantage","status":"publish","type":"product","link":"https:\/\/medlinecapitalquote.ca\/fr\/products\/analyseur-et-accessoires-dca-vantage\/","title":{"rendered":"Analyseur et accessoires Dca Vantage\u00ae"},"content":{"rendered":"<ul>\n<li>L\u2019analyseur vous permet de surveiller le contr\u00f4le glyc\u00e9mique et de d\u00e9tecter une maladie r\u00e9nale pr\u00e9coce gr\u00e2ce \u00e0 des r\u00e9sultats rapides et exploitables qui peuvent aider \u00e0 \u00e9valuer l&rsquo;efficacit\u00e9 d&rsquo;un plan de traitement et faire des ajustements<\/li>\n<li>Gamme compl\u00e8te de r\u00e9sultats en 7 minutes ou moins : HbA1c, albumine, cr\u00e9atinine et rapport albumine\/cr\u00e9atinine; l&rsquo;un des deux seuls analyseurs d&rsquo;HbA1c remplissant les crit\u00e8res de performance NGSP<\/li>\n<li>L&rsquo;analyseur facile \u00e0 utiliser ne n\u00e9cessite aucune pr\u00e9paration d&rsquo;\u00e9chantillon ni r\u00e9actif et offre des options polyvalentes de gestion des donn\u00e9es et de cr\u00e9ation de rapports<\/li>\n<li>Les cartouches autonomes facilitent le fonctionnement apr\u00e8s le chargement de l&rsquo;\u00e9chantillon et contribuent \u00e0 am\u00e9liorer le flux de travail au cabinet, \u00e0 la clinique ou dans d&rsquo;autres sites de soins<\/li>\n<li>Examen des r\u00e9sultats \u00e0 l&rsquo;\u00e9cran ou production d&rsquo;une copie papier; stockage local pratique d&rsquo;un maximum de 4 000 enregistrements avec de puissantes capacit\u00e9s de tri<\/li>\n<\/ul>\n","protected":false},"excerpt":{"rendered":"<p>L\u2019analyseur vous permet de surveiller le contr\u00f4le glyc\u00e9mique et de  [&#8230;]<\/p>\n","protected":false},"author":5,"featured_media":1123,"template":"","product-categories":[202],"product-rooms":[74],"product-variations":[692,691,92],"clients":[],"class_list":["post-1544","product","type-product","status-publish","has-post-thumbnail","hentry","product_cat-tests-fr","product_room-exam-room-fr","product_variation-analyseur","product_variation-trousse-de-bandelettes-reactives","product_variation-configuration-fr"],"acf":[],"_links":{"self":[{"href":"https:\/\/medlinecapitalquote.ca\/fr\/wp-json\/wp\/v2\/products\/1544","targetHints":{"allow":["GET"]}}],"collection":[{"href":"https:\/\/medlinecapitalquote.ca\/fr\/wp-json\/wp\/v2\/products"}],"about":[{"href":"https:\/\/medlinecapitalquote.ca\/fr\/wp-json\/wp\/v2\/types\/product"}],"author":[{"embeddable":true,"href":"https:\/\/medlinecapitalquote.ca\/fr\/wp-json\/wp\/v2\/users\/5"}],"wp:featuredmedia":[{"embeddable":true,"href":"https:\/\/medlinecapitalquote.ca\/fr\/wp-json\/wp\/v2\/media\/1123"}],"wp:attachment":[{"href":"https:\/\/medlinecapitalquote.ca\/fr\/wp-json\/wp\/v2\/media?parent=1544"}],"wp:term":[{"taxonomy":"product_cat","embeddable":true,"href":"https:\/\/medlinecapitalquote.ca\/fr\/wp-json\/wp\/v2\/product-categories?post=1544"},{"taxonomy":"product_room","embeddable":true,"href":"https:\/\/medlinecapitalquote.ca\/fr\/wp-json\/wp\/v2\/product-rooms?post=1544"},{"taxonomy":"product_variation","embeddable":true,"href":"https:\/\/medlinecapitalquote.ca\/fr\/wp-json\/wp\/v2\/product-variations?post=1544"},{"taxonomy":"client","embeddable":true,"href":"https:\/\/medlinecapitalquote.ca\/fr\/wp-json\/wp\/v2\/clients?post=1544"}],"curies":[{"name":"wp","href":"https:\/\/api.w.org\/{rel}","templated":true}]}}