{"id":1547,"date":"2025-12-29T07:44:18","date_gmt":"2025-12-29T07:44:18","guid":{"rendered":"https:\/\/medlinecapitalquote.ca\/products\/analyseur-durine-clinitek-status\/"},"modified":"2026-01-07T16:08:50","modified_gmt":"2026-01-07T16:08:50","slug":"analyseur-durine-clinitek-status","status":"publish","type":"product","link":"https:\/\/medlinecapitalquote.ca\/fr\/products\/analyseur-durine-clinitek-status\/","title":{"rendered":"Analyseur d&rsquo;urine Clinitek\u2122 Status\u2122"},"content":{"rendered":"<ul>\n<li>\u00c9cran tactile couleur facile \u00e0 utiliser<\/li>\n<li>Consolide les r\u00e9sultats de la microscopie en un seul dossier patient<\/li>\n<li>Contr\u00f4le accru gr\u00e2ce \u00e0 l&rsquo;invite automatique au contr\u00f4le de qualit\u00e9 et la capacit\u00e9 de verrouillage du contr\u00f4le de qualit\u00e9 qui permet d&rsquo;assurer la conformit\u00e9<\/li>\n<li>Un total de 3 fonctions de tamisage \u2013 confirmation et microscopie \u2013 permet de signaler les r\u00e9sultats anormaux pour un examen rapide<\/li>\n<li>Recherche pratique de donn\u00e9es pour un maximum de 500 patients par num\u00e9ro d&rsquo;identification et 200 r\u00e9sultats de contr\u00f4le<\/li>\n<li>Les unit\u00e9s offrent l&rsquo;int\u00e9grit\u00e9 des donn\u00e9es en identifiant et rapportant automatiquement les r\u00e9sultats uniquement \u00e0 partir des types de bandelettes Siemens valid\u00e9s, ainsi qu&rsquo;un flux de travail efficace qui \u00e9limine pratiquement le besoin de s\u00e9lectionner manuellement les types de bandelettes d&rsquo;analyse d&rsquo;urine<\/li>\n<\/ul>\n","protected":false},"excerpt":{"rendered":"<p>\u00c9cran tactile couleur facile \u00e0 utiliser Consolide les r\u00e9sultats de  [&#8230;]<\/p>\n","protected":false},"author":5,"featured_media":1128,"template":"","product-categories":[202],"product-rooms":[74],"product-variations":[],"clients":[],"class_list":["post-1547","product","type-product","status-publish","has-post-thumbnail","hentry","product_cat-tests-fr","product_room-exam-room-fr"],"acf":[],"_links":{"self":[{"href":"https:\/\/medlinecapitalquote.ca\/fr\/wp-json\/wp\/v2\/products\/1547","targetHints":{"allow":["GET"]}}],"collection":[{"href":"https:\/\/medlinecapitalquote.ca\/fr\/wp-json\/wp\/v2\/products"}],"about":[{"href":"https:\/\/medlinecapitalquote.ca\/fr\/wp-json\/wp\/v2\/types\/product"}],"author":[{"embeddable":true,"href":"https:\/\/medlinecapitalquote.ca\/fr\/wp-json\/wp\/v2\/users\/5"}],"wp:featuredmedia":[{"embeddable":true,"href":"https:\/\/medlinecapitalquote.ca\/fr\/wp-json\/wp\/v2\/media\/1128"}],"wp:attachment":[{"href":"https:\/\/medlinecapitalquote.ca\/fr\/wp-json\/wp\/v2\/media?parent=1547"}],"wp:term":[{"taxonomy":"product_cat","embeddable":true,"href":"https:\/\/medlinecapitalquote.ca\/fr\/wp-json\/wp\/v2\/product-categories?post=1547"},{"taxonomy":"product_room","embeddable":true,"href":"https:\/\/medlinecapitalquote.ca\/fr\/wp-json\/wp\/v2\/product-rooms?post=1547"},{"taxonomy":"product_variation","embeddable":true,"href":"https:\/\/medlinecapitalquote.ca\/fr\/wp-json\/wp\/v2\/product-variations?post=1547"},{"taxonomy":"client","embeddable":true,"href":"https:\/\/medlinecapitalquote.ca\/fr\/wp-json\/wp\/v2\/clients?post=1547"}],"curies":[{"name":"wp","href":"https:\/\/api.w.org\/{rel}","templated":true}]}}