{"id":1549,"date":"2025-12-29T07:46:39","date_gmt":"2025-12-29T07:46:39","guid":{"rendered":"https:\/\/medlinecapitalquote.ca\/products\/balance-numerique-a-hauteur-des-yeux-health-o-meter\/"},"modified":"2026-01-07T16:08:46","modified_gmt":"2026-01-07T16:08:46","slug":"balance-numerique-a-hauteur-des-yeux-health-o-meter","status":"publish","type":"product","link":"https:\/\/medlinecapitalquote.ca\/fr\/products\/balance-numerique-a-hauteur-des-yeux-health-o-meter\/","title":{"rendered":"Balance num\u00e9rique \u00e0 hauteur des yeux Health O Meter\u00ae"},"content":{"rendered":"<ul>\n<li>Capacit\u00e9 : 300 kg (660 lb)<\/li>\n<li>Toise int\u00e9gr\u00e9e pouvant mesurer de 76 cm \u00e0 214 cm (30 po-84 po)<\/li>\n<li>Des roues facilitent le d\u00e9placement<\/li>\n<li>Capacit\u00e9 d&rsquo;interface avec un ordinateur, un logiciel de DME ou d\u2019autres appareils \u00e9lectroniques<\/li>\n<li>Calcule l&rsquo;IMC<\/li>\n<li>Plateforme \u00e0 profil bas n\u00e9cessitant seulement une mont\u00e9e minimale<\/li>\n<li>L&rsquo;option Everlock permet aux utilisateurs de verrouiller en permanence la balance en lb ou kg<\/li>\n<\/ul>\n","protected":false},"excerpt":{"rendered":"<p>Capacit\u00e9 : 300 kg (660 lb) Toise int\u00e9gr\u00e9e pouvant mesurer  [&#8230;]<\/p>\n","protected":false},"author":5,"featured_media":1130,"template":"","product-categories":[448],"product-rooms":[74],"product-variations":[693,92],"clients":[],"class_list":["post-1549","product","type-product","status-publish","has-post-thumbnail","hentry","product_cat-exam-room-scales-fr","product_room-exam-room-fr","product_variation-connexion-bluetooth","product_variation-configuration-fr"],"acf":[],"_links":{"self":[{"href":"https:\/\/medlinecapitalquote.ca\/fr\/wp-json\/wp\/v2\/products\/1549","targetHints":{"allow":["GET"]}}],"collection":[{"href":"https:\/\/medlinecapitalquote.ca\/fr\/wp-json\/wp\/v2\/products"}],"about":[{"href":"https:\/\/medlinecapitalquote.ca\/fr\/wp-json\/wp\/v2\/types\/product"}],"author":[{"embeddable":true,"href":"https:\/\/medlinecapitalquote.ca\/fr\/wp-json\/wp\/v2\/users\/5"}],"wp:featuredmedia":[{"embeddable":true,"href":"https:\/\/medlinecapitalquote.ca\/fr\/wp-json\/wp\/v2\/media\/1130"}],"wp:attachment":[{"href":"https:\/\/medlinecapitalquote.ca\/fr\/wp-json\/wp\/v2\/media?parent=1549"}],"wp:term":[{"taxonomy":"product_cat","embeddable":true,"href":"https:\/\/medlinecapitalquote.ca\/fr\/wp-json\/wp\/v2\/product-categories?post=1549"},{"taxonomy":"product_room","embeddable":true,"href":"https:\/\/medlinecapitalquote.ca\/fr\/wp-json\/wp\/v2\/product-rooms?post=1549"},{"taxonomy":"product_variation","embeddable":true,"href":"https:\/\/medlinecapitalquote.ca\/fr\/wp-json\/wp\/v2\/product-variations?post=1549"},{"taxonomy":"client","embeddable":true,"href":"https:\/\/medlinecapitalquote.ca\/fr\/wp-json\/wp\/v2\/clients?post=1549"}],"curies":[{"name":"wp","href":"https:\/\/api.w.org\/{rel}","templated":true}]}}