{"id":1550,"date":"2025-12-26T07:30:10","date_gmt":"2025-12-26T07:30:10","guid":{"rendered":"https:\/\/medlinecapitalquote.ca\/products\/distributeur-manuel-purell-es8-pour-cartouche-de-savon-12-l\/"},"modified":"2026-03-13T09:48:25","modified_gmt":"2026-03-13T09:48:25","slug":"distributeur-manuel-purell-es8-pour-cartouche-de-savon-12-l","status":"publish","type":"product","link":"https:\/\/medlinecapitalquote.ca\/fr\/products\/distributeur-manuel-purell-es8-pour-cartouche-de-savon-12-l\/","title":{"rendered":"Distributeur manuel PURELL\u00ae ES8 pour cartouche de savon, 1,2 L"},"content":{"rendered":"<ul>\n<li>Energy-On-The-Refill\u2122 offre le moyen le plus simple de savoir quand les recharges doivent \u00eatre chang\u00e9es<\/li>\n<li>Utilise les recharges de d\u00e9sinfectant pour les mains Purell ES8 de 1 200 ml<\/li>\n<li>Distributeur et formulation calibr\u00e9s pour fournir la dose optimale pour une hygi\u00e8ne des mains efficace<\/li>\n<li>Comprend une bouteille de recharge SANITARY SEALED\u2122 PET avec un collier d\u00e9tachable pour un recyclage facile et la technologie Lock or Not qui peut convertir l&rsquo;unit\u00e9 en un syst\u00e8me de verrouillage<\/li>\n<\/ul>\n","protected":false},"excerpt":{"rendered":"<p>Energy-On-The-Refill\u2122 offre le moyen le plus simple de savoir quand  [&#8230;]<\/p>\n","protected":false},"author":4,"featured_media":491,"template":"","product-categories":[466],"product-rooms":[74,1116],"product-variations":[524,95,527],"clients":[],"class_list":["post-1550","product","type-product","status-publish","has-post-thumbnail","hentry","product_cat-soap-and-sanitizer-dispensers-fr","product_room-exam-room-fr","product_room-sterilization-room-fr","product_variation-blanc","product_variation-colour-fr","product_variation-graphite-fr"],"acf":[],"_links":{"self":[{"href":"https:\/\/medlinecapitalquote.ca\/fr\/wp-json\/wp\/v2\/products\/1550","targetHints":{"allow":["GET"]}}],"collection":[{"href":"https:\/\/medlinecapitalquote.ca\/fr\/wp-json\/wp\/v2\/products"}],"about":[{"href":"https:\/\/medlinecapitalquote.ca\/fr\/wp-json\/wp\/v2\/types\/product"}],"author":[{"embeddable":true,"href":"https:\/\/medlinecapitalquote.ca\/fr\/wp-json\/wp\/v2\/users\/4"}],"wp:featuredmedia":[{"embeddable":true,"href":"https:\/\/medlinecapitalquote.ca\/fr\/wp-json\/wp\/v2\/media\/491"}],"wp:attachment":[{"href":"https:\/\/medlinecapitalquote.ca\/fr\/wp-json\/wp\/v2\/media?parent=1550"}],"wp:term":[{"taxonomy":"product_cat","embeddable":true,"href":"https:\/\/medlinecapitalquote.ca\/fr\/wp-json\/wp\/v2\/product-categories?post=1550"},{"taxonomy":"product_room","embeddable":true,"href":"https:\/\/medlinecapitalquote.ca\/fr\/wp-json\/wp\/v2\/product-rooms?post=1550"},{"taxonomy":"product_variation","embeddable":true,"href":"https:\/\/medlinecapitalquote.ca\/fr\/wp-json\/wp\/v2\/product-variations?post=1550"},{"taxonomy":"client","embeddable":true,"href":"https:\/\/medlinecapitalquote.ca\/fr\/wp-json\/wp\/v2\/clients?post=1550"}],"curies":[{"name":"wp","href":"https:\/\/api.w.org\/{rel}","templated":true}]}}