{"id":1552,"date":"2025-12-29T07:51:24","date_gmt":"2025-12-29T07:51:24","guid":{"rendered":"https:\/\/medlinecapitalquote.ca\/products\/balance-pediatrique-numerique-a-plateau-avec-ecran-lcd-health-o-meter\/"},"modified":"2026-01-07T16:03:15","modified_gmt":"2026-01-07T16:03:15","slug":"balance-pediatrique-numerique-a-plateau-avec-ecran-lcd-health-o-meter","status":"publish","type":"product","link":"https:\/\/medlinecapitalquote.ca\/fr\/products\/balance-pediatrique-numerique-a-plateau-avec-ecran-lcd-health-o-meter\/","title":{"rendered":"Balance p\u00e9diatrique num\u00e9rique \u00e0 plateau avec \u00e9cran LCD Health O Meter\u00ae"},"content":{"rendered":"<ul>\n<li>Le ruban \u00e0 mesurer facile \u00e0 lire permet \u00e0 l&rsquo;utilisateur de mesurer \u00e0 la fois le poids et la taille simultan\u00e9ment<\/li>\n<li>Capacit\u00e9 de pesage pr\u00e9cis malgr\u00e9 le mouvement du patient sur la balance<\/li>\n<li>La t\u00eate d&rsquo;affichage est positionn\u00e9e 17 po au-dessus de la base de la balance pour permettre une vue d\u00e9gag\u00e9e de la mesure du poids<\/li>\n<li>Inclut la conversion et le verrouillage lb\/kg, l\u2019IMC, la mise \u00e0 z\u00e9ro\/tare, maintenir\/lib\u00e9rer, la mise \u00e0 z\u00e9ro automatique et l\u2019arr\u00eat automatique<\/li>\n<li>Capacit\u00e9 d&rsquo;interface avec un ordinateur, un logiciel de DME ou d\u2019autres appareils \u00e9lectroniques via les solutions de connectivit\u00e9 professionnelles Health o Meter <\/li>\n<\/ul>\n","protected":false},"excerpt":{"rendered":"<p>Le ruban \u00e0 mesurer facile \u00e0 lire permet \u00e0 l&rsquo;utilisateur  [&#8230;]<\/p>\n","protected":false},"author":5,"featured_media":1135,"template":"","product-categories":[448],"product-rooms":[74],"product-variations":[694,92],"clients":[],"class_list":["post-1552","product","type-product","status-publish","has-post-thumbnail","hentry","product_cat-exam-room-scales-fr","product_room-exam-room-fr","product_variation-siege-de-type-voiture","product_variation-configuration-fr"],"acf":[],"_links":{"self":[{"href":"https:\/\/medlinecapitalquote.ca\/fr\/wp-json\/wp\/v2\/products\/1552","targetHints":{"allow":["GET"]}}],"collection":[{"href":"https:\/\/medlinecapitalquote.ca\/fr\/wp-json\/wp\/v2\/products"}],"about":[{"href":"https:\/\/medlinecapitalquote.ca\/fr\/wp-json\/wp\/v2\/types\/product"}],"author":[{"embeddable":true,"href":"https:\/\/medlinecapitalquote.ca\/fr\/wp-json\/wp\/v2\/users\/5"}],"wp:featuredmedia":[{"embeddable":true,"href":"https:\/\/medlinecapitalquote.ca\/fr\/wp-json\/wp\/v2\/media\/1135"}],"wp:attachment":[{"href":"https:\/\/medlinecapitalquote.ca\/fr\/wp-json\/wp\/v2\/media?parent=1552"}],"wp:term":[{"taxonomy":"product_cat","embeddable":true,"href":"https:\/\/medlinecapitalquote.ca\/fr\/wp-json\/wp\/v2\/product-categories?post=1552"},{"taxonomy":"product_room","embeddable":true,"href":"https:\/\/medlinecapitalquote.ca\/fr\/wp-json\/wp\/v2\/product-rooms?post=1552"},{"taxonomy":"product_variation","embeddable":true,"href":"https:\/\/medlinecapitalquote.ca\/fr\/wp-json\/wp\/v2\/product-variations?post=1552"},{"taxonomy":"client","embeddable":true,"href":"https:\/\/medlinecapitalquote.ca\/fr\/wp-json\/wp\/v2\/clients?post=1552"}],"curies":[{"name":"wp","href":"https:\/\/api.w.org\/{rel}","templated":true}]}}