{"id":1554,"date":"2025-12-26T07:38:14","date_gmt":"2025-12-26T07:38:14","guid":{"rendered":"https:\/\/medlinecapitalquote.ca\/products\/distributeur-de-desinfectant-pour-les-mains-purell-es10\/"},"modified":"2026-03-13T09:51:28","modified_gmt":"2026-03-13T09:51:28","slug":"distributeur-de-desinfectant-pour-les-mains-purell-es10","status":"publish","type":"product","link":"https:\/\/medlinecapitalquote.ca\/fr\/products\/distributeur-de-desinfectant-pour-les-mains-purell-es10\/","title":{"rendered":"Distributeur de d\u00e9sinfectant pour les mains PURELL\u00ae ES10"},"content":{"rendered":"<ul>\n<li>Sans contact<\/li>\n<li>Batterie int\u00e9gr\u00e9e dans chaque recharge<\/li>\n<li>Concept \u00e9troit au fini moderne qui est parfait dans les espaces restreints<\/li>\n<li>Transparent pour faciliter l&rsquo;\u00e9valuation du niveau<\/li>\n<\/ul>\n","protected":false},"excerpt":{"rendered":"<p>Sans contact Batterie int\u00e9gr\u00e9e dans chaque recharge Concept \u00e9troit au  [&#8230;]<\/p>\n","protected":false},"author":4,"featured_media":2161,"template":"","product-categories":[466],"product-rooms":[74,1116],"product-variations":[528,92],"clients":[],"class_list":["post-1554","product","type-product","status-publish","has-post-thumbnail","hentry","product_cat-soap-and-sanitizer-dispensers-fr","product_room-exam-room-fr","product_room-sterilization-room-fr","product_variation-blanc-1200-ml","product_variation-configuration-fr"],"acf":[],"_links":{"self":[{"href":"https:\/\/medlinecapitalquote.ca\/fr\/wp-json\/wp\/v2\/products\/1554","targetHints":{"allow":["GET"]}}],"collection":[{"href":"https:\/\/medlinecapitalquote.ca\/fr\/wp-json\/wp\/v2\/products"}],"about":[{"href":"https:\/\/medlinecapitalquote.ca\/fr\/wp-json\/wp\/v2\/types\/product"}],"author":[{"embeddable":true,"href":"https:\/\/medlinecapitalquote.ca\/fr\/wp-json\/wp\/v2\/users\/4"}],"wp:featuredmedia":[{"embeddable":true,"href":"https:\/\/medlinecapitalquote.ca\/fr\/wp-json\/wp\/v2\/media\/2161"}],"wp:attachment":[{"href":"https:\/\/medlinecapitalquote.ca\/fr\/wp-json\/wp\/v2\/media?parent=1554"}],"wp:term":[{"taxonomy":"product_cat","embeddable":true,"href":"https:\/\/medlinecapitalquote.ca\/fr\/wp-json\/wp\/v2\/product-categories?post=1554"},{"taxonomy":"product_room","embeddable":true,"href":"https:\/\/medlinecapitalquote.ca\/fr\/wp-json\/wp\/v2\/product-rooms?post=1554"},{"taxonomy":"product_variation","embeddable":true,"href":"https:\/\/medlinecapitalquote.ca\/fr\/wp-json\/wp\/v2\/product-variations?post=1554"},{"taxonomy":"client","embeddable":true,"href":"https:\/\/medlinecapitalquote.ca\/fr\/wp-json\/wp\/v2\/clients?post=1554"}],"curies":[{"name":"wp","href":"https:\/\/api.w.org\/{rel}","templated":true}]}}