{"id":1558,"date":"2025-12-29T08:00:04","date_gmt":"2025-12-29T08:00:04","guid":{"rendered":"https:\/\/medlinecapitalquote.ca\/products\/balance-pediatrique-avec-plateau-extra-large-health-o-meter\/"},"modified":"2026-01-07T16:03:08","modified_gmt":"2026-01-07T16:03:08","slug":"balance-pediatrique-avec-plateau-extra-large-health-o-meter","status":"publish","type":"product","link":"https:\/\/medlinecapitalquote.ca\/fr\/products\/balance-pediatrique-avec-plateau-extra-large-health-o-meter\/","title":{"rendered":"Balance p\u00e9diatrique avec plateau extra large Health O Meter\u00ae"},"content":{"rendered":"<ul>\n<li>Capacit\u00e9 : 20 kg (44 lb)<\/li>\n<li>Capacit\u00e9 d&rsquo;interface avec des ordinateurs, un logiciel de DME ou d\u2019autres appareils \u00e9lectroniques via diverses solutions de connectivit\u00e9 professionnelles Health o Meter\u00ae<\/li>\n<li>La d\u00e9tection des mouvements permet des mesures pr\u00e9cises malgr\u00e9 les mouvements du patient<\/li>\n<li>Le ruban \u00e0 mesurer facile \u00e0 lire permet \u00e0 l&rsquo;utilisateur de mesurer \u00e0 la fois le poids et la taille simultan\u00e9ment<\/li>\n<\/ul>\n","protected":false},"excerpt":{"rendered":"<p>Capacit\u00e9 : 20 kg (44 lb) Capacit\u00e9 d&rsquo;interface avec des  [&#8230;]<\/p>\n","protected":false},"author":5,"featured_media":1143,"template":"","product-categories":[448],"product-rooms":[74],"product-variations":[92,863],"clients":[],"class_list":["post-1558","product","type-product","status-publish","has-post-thumbnail","hentry","product_cat-exam-room-scales-fr","product_room-exam-room-fr","product_variation-configuration-fr","product_variation-with-height-rod-fr"],"acf":[],"_links":{"self":[{"href":"https:\/\/medlinecapitalquote.ca\/fr\/wp-json\/wp\/v2\/products\/1558","targetHints":{"allow":["GET"]}}],"collection":[{"href":"https:\/\/medlinecapitalquote.ca\/fr\/wp-json\/wp\/v2\/products"}],"about":[{"href":"https:\/\/medlinecapitalquote.ca\/fr\/wp-json\/wp\/v2\/types\/product"}],"author":[{"embeddable":true,"href":"https:\/\/medlinecapitalquote.ca\/fr\/wp-json\/wp\/v2\/users\/5"}],"wp:featuredmedia":[{"embeddable":true,"href":"https:\/\/medlinecapitalquote.ca\/fr\/wp-json\/wp\/v2\/media\/1143"}],"wp:attachment":[{"href":"https:\/\/medlinecapitalquote.ca\/fr\/wp-json\/wp\/v2\/media?parent=1558"}],"wp:term":[{"taxonomy":"product_cat","embeddable":true,"href":"https:\/\/medlinecapitalquote.ca\/fr\/wp-json\/wp\/v2\/product-categories?post=1558"},{"taxonomy":"product_room","embeddable":true,"href":"https:\/\/medlinecapitalquote.ca\/fr\/wp-json\/wp\/v2\/product-rooms?post=1558"},{"taxonomy":"product_variation","embeddable":true,"href":"https:\/\/medlinecapitalquote.ca\/fr\/wp-json\/wp\/v2\/product-variations?post=1558"},{"taxonomy":"client","embeddable":true,"href":"https:\/\/medlinecapitalquote.ca\/fr\/wp-json\/wp\/v2\/clients?post=1558"}],"curies":[{"name":"wp","href":"https:\/\/api.w.org\/{rel}","templated":true}]}}