{"id":1561,"date":"2025-12-29T08:02:06","date_gmt":"2025-12-29T08:02:06","guid":{"rendered":"https:\/\/medlinecapitalquote.ca\/products\/balance-numerique-a-hauteur-des-yeux-health-o-meter-avec-roulettes\/"},"modified":"2026-01-07T16:03:03","modified_gmt":"2026-01-07T16:03:03","slug":"balance-numerique-a-hauteur-des-yeux-health-o-meter-avec-roulettes","status":"publish","type":"product","link":"https:\/\/medlinecapitalquote.ca\/fr\/products\/balance-numerique-a-hauteur-des-yeux-health-o-meter-avec-roulettes\/","title":{"rendered":"Balance num\u00e9rique \u00e0 hauteur des yeux Health O Meter\u00ae, avec roulettes"},"content":{"rendered":"<ul>\n<li>Capacit\u00e9 : 272 kg (600 lb)<\/li>\n<li>Capacit\u00e9 d&rsquo;interface avec un ordinateur, un logiciel de DME ou d\u2019autres appareils \u00e9lectroniques via les solutions de connectivit\u00e9 professionnelles Health o Meter\u00ae<\/li>\n<li>L&rsquo;affichage rotatif au niveau des yeux peut \u00eatre lu sous presque tous les angles, permet une utilisation facile et prot\u00e8ge l&rsquo;intimit\u00e9 du patient<\/li>\n<li>Calcule l&rsquo;indice de masse corporelle (IMC)<\/li>\n<\/ul>\n","protected":false},"excerpt":{"rendered":"<p>Capacit\u00e9 : 272 kg (600 lb) Capacit\u00e9 d&rsquo;interface avec un  [&#8230;]<\/p>\n","protected":false},"author":5,"featured_media":1148,"template":"","product-categories":[448],"product-rooms":[74],"product-variations":[],"clients":[],"class_list":["post-1561","product","type-product","status-publish","has-post-thumbnail","hentry","product_cat-exam-room-scales-fr","product_room-exam-room-fr"],"acf":[],"_links":{"self":[{"href":"https:\/\/medlinecapitalquote.ca\/fr\/wp-json\/wp\/v2\/products\/1561","targetHints":{"allow":["GET"]}}],"collection":[{"href":"https:\/\/medlinecapitalquote.ca\/fr\/wp-json\/wp\/v2\/products"}],"about":[{"href":"https:\/\/medlinecapitalquote.ca\/fr\/wp-json\/wp\/v2\/types\/product"}],"author":[{"embeddable":true,"href":"https:\/\/medlinecapitalquote.ca\/fr\/wp-json\/wp\/v2\/users\/5"}],"wp:featuredmedia":[{"embeddable":true,"href":"https:\/\/medlinecapitalquote.ca\/fr\/wp-json\/wp\/v2\/media\/1148"}],"wp:attachment":[{"href":"https:\/\/medlinecapitalquote.ca\/fr\/wp-json\/wp\/v2\/media?parent=1561"}],"wp:term":[{"taxonomy":"product_cat","embeddable":true,"href":"https:\/\/medlinecapitalquote.ca\/fr\/wp-json\/wp\/v2\/product-categories?post=1561"},{"taxonomy":"product_room","embeddable":true,"href":"https:\/\/medlinecapitalquote.ca\/fr\/wp-json\/wp\/v2\/product-rooms?post=1561"},{"taxonomy":"product_variation","embeddable":true,"href":"https:\/\/medlinecapitalquote.ca\/fr\/wp-json\/wp\/v2\/product-variations?post=1561"},{"taxonomy":"client","embeddable":true,"href":"https:\/\/medlinecapitalquote.ca\/fr\/wp-json\/wp\/v2\/clients?post=1561"}],"curies":[{"name":"wp","href":"https:\/\/api.w.org\/{rel}","templated":true}]}}