{"id":1563,"date":"2025-12-29T08:03:49","date_gmt":"2025-12-29T08:03:49","guid":{"rendered":"https:\/\/medlinecapitalquote.ca\/products\/balance-numerique-robuste-a-hauteur-des-yeux-health-o-meter-avec-toise-numerique-integree\/"},"modified":"2026-01-07T16:03:01","modified_gmt":"2026-01-07T16:03:01","slug":"balance-numerique-robuste-a-hauteur-des-yeux-health-o-meter-avec-toise-numerique-integree","status":"publish","type":"product","link":"https:\/\/medlinecapitalquote.ca\/fr\/products\/balance-numerique-robuste-a-hauteur-des-yeux-health-o-meter-avec-toise-numerique-integree\/","title":{"rendered":"Balance num\u00e9rique robuste \u00e0 hauteur des yeux Health O Meter\u00ae avec toise num\u00e9rique int\u00e9gr\u00e9e"},"content":{"rendered":"<ul>\n<li>Toise num\u00e9rique int\u00e9gr\u00e9e facile \u00e0 utiliser et mesurant de 23 po \u00e0 84 po (58 cm \u00e0 213 cm)<\/li>\n<li>Gain de temps gr\u00e2ce aux mesures automatiques du poids, de la taille et de l&rsquo;indice de masse corporelle (IMC)<\/li>\n<li>Plateforme \u00e0 profil bas pour assurer le confort du patient et un pesage stable<\/li>\n<li>Peut se connecter \u00e0 un ordinateur, un logiciel de DME ou un autre appareil \u00e9lectronique avec une gamme de solutions de Health o Meter<\/li>\n<\/ul>\n","protected":false},"excerpt":{"rendered":"<p>Toise num\u00e9rique int\u00e9gr\u00e9e facile \u00e0 utiliser et mesurant de 23  [&#8230;]<\/p>\n","protected":false},"author":5,"featured_media":1151,"template":"","product-categories":[448],"product-rooms":[74],"product-variations":[],"clients":[],"class_list":["post-1563","product","type-product","status-publish","has-post-thumbnail","hentry","product_cat-exam-room-scales-fr","product_room-exam-room-fr"],"acf":[],"_links":{"self":[{"href":"https:\/\/medlinecapitalquote.ca\/fr\/wp-json\/wp\/v2\/products\/1563","targetHints":{"allow":["GET"]}}],"collection":[{"href":"https:\/\/medlinecapitalquote.ca\/fr\/wp-json\/wp\/v2\/products"}],"about":[{"href":"https:\/\/medlinecapitalquote.ca\/fr\/wp-json\/wp\/v2\/types\/product"}],"author":[{"embeddable":true,"href":"https:\/\/medlinecapitalquote.ca\/fr\/wp-json\/wp\/v2\/users\/5"}],"wp:featuredmedia":[{"embeddable":true,"href":"https:\/\/medlinecapitalquote.ca\/fr\/wp-json\/wp\/v2\/media\/1151"}],"wp:attachment":[{"href":"https:\/\/medlinecapitalquote.ca\/fr\/wp-json\/wp\/v2\/media?parent=1563"}],"wp:term":[{"taxonomy":"product_cat","embeddable":true,"href":"https:\/\/medlinecapitalquote.ca\/fr\/wp-json\/wp\/v2\/product-categories?post=1563"},{"taxonomy":"product_room","embeddable":true,"href":"https:\/\/medlinecapitalquote.ca\/fr\/wp-json\/wp\/v2\/product-rooms?post=1563"},{"taxonomy":"product_variation","embeddable":true,"href":"https:\/\/medlinecapitalquote.ca\/fr\/wp-json\/wp\/v2\/product-variations?post=1563"},{"taxonomy":"client","embeddable":true,"href":"https:\/\/medlinecapitalquote.ca\/fr\/wp-json\/wp\/v2\/clients?post=1563"}],"curies":[{"name":"wp","href":"https:\/\/api.w.org\/{rel}","templated":true}]}}