{"id":1566,"date":"2025-12-24T08:31:58","date_gmt":"2025-12-24T08:31:58","guid":{"rendered":"https:\/\/medlinecapitalquote.ca\/products\/toise-telescopique-seca-222\/"},"modified":"2026-01-09T12:57:28","modified_gmt":"2026-01-09T12:57:28","slug":"toise-telescopique-seca-222","status":"publish","type":"product","link":"https:\/\/medlinecapitalquote.ca\/fr\/products\/toise-telescopique-seca-222\/","title":{"rendered":"Toise t\u00e9lescopique Seca 222"},"content":{"rendered":"<ul>\n<li>Aluminium r\u00e9sistant<\/li>\n<li>Impression lat\u00e9rale pour une lecture facile<\/li>\n<li>But\u00e9e de talon pour la mesure \u00e0 3 points<\/li>\n<li>Grande plage de mesures<\/li>\n<li>Jauge de t\u00eate tr\u00e8s large<\/li>\n<li>Balance r\u00e9sistante \u00e0 l&rsquo;abrasion<\/li>\n<li>Montage mural<\/li>\n<\/ul>\n","protected":false},"excerpt":{"rendered":"<p>Aluminium r\u00e9sistant Impression lat\u00e9rale pour une lecture facile But\u00e9e de  [&#8230;]<\/p>\n","protected":false},"author":4,"featured_media":2161,"template":"","product-categories":[450],"product-rooms":[74],"product-variations":[],"clients":[],"class_list":["post-1566","product","type-product","status-publish","has-post-thumbnail","hentry","product_cat-height-measuring-devices-fr","product_room-exam-room-fr"],"acf":[],"_links":{"self":[{"href":"https:\/\/medlinecapitalquote.ca\/fr\/wp-json\/wp\/v2\/products\/1566","targetHints":{"allow":["GET"]}}],"collection":[{"href":"https:\/\/medlinecapitalquote.ca\/fr\/wp-json\/wp\/v2\/products"}],"about":[{"href":"https:\/\/medlinecapitalquote.ca\/fr\/wp-json\/wp\/v2\/types\/product"}],"author":[{"embeddable":true,"href":"https:\/\/medlinecapitalquote.ca\/fr\/wp-json\/wp\/v2\/users\/4"}],"wp:featuredmedia":[{"embeddable":true,"href":"https:\/\/medlinecapitalquote.ca\/fr\/wp-json\/wp\/v2\/media\/2161"}],"wp:attachment":[{"href":"https:\/\/medlinecapitalquote.ca\/fr\/wp-json\/wp\/v2\/media?parent=1566"}],"wp:term":[{"taxonomy":"product_cat","embeddable":true,"href":"https:\/\/medlinecapitalquote.ca\/fr\/wp-json\/wp\/v2\/product-categories?post=1566"},{"taxonomy":"product_room","embeddable":true,"href":"https:\/\/medlinecapitalquote.ca\/fr\/wp-json\/wp\/v2\/product-rooms?post=1566"},{"taxonomy":"product_variation","embeddable":true,"href":"https:\/\/medlinecapitalquote.ca\/fr\/wp-json\/wp\/v2\/product-variations?post=1566"},{"taxonomy":"client","embeddable":true,"href":"https:\/\/medlinecapitalquote.ca\/fr\/wp-json\/wp\/v2\/clients?post=1566"}],"curies":[{"name":"wp","href":"https:\/\/api.w.org\/{rel}","templated":true}]}}