{"id":1568,"date":"2025-12-29T08:06:05","date_gmt":"2025-12-29T08:06:05","guid":{"rendered":"https:\/\/medlinecapitalquote.ca\/products\/balance-de-sol-numerique-robuste-health-o-meter\/"},"modified":"2026-01-07T16:02:56","modified_gmt":"2026-01-07T16:02:56","slug":"balance-de-sol-numerique-robuste-health-o-meter","status":"publish","type":"product","link":"https:\/\/medlinecapitalquote.ca\/fr\/products\/balance-de-sol-numerique-robuste-health-o-meter\/","title":{"rendered":"Balance de sol num\u00e9rique robuste Health O Meter\u00ae"},"content":{"rendered":"<ul>\n<li>Capacit\u00e9 : 220 kg (500 lb)<\/li>\n<li>Surface antid\u00e9rapante et sans latex<\/li>\n<li>La mesure du poids reste affich\u00e9e pendant 10 secondes apr\u00e8s que la personne a quitt\u00e9 la balance<\/li>\n<li>Grand \u00e9cran LCD de 6,35 cm (2-1\/2 po) facilitant la lecture des mesures<\/li>\n<\/ul>\n","protected":false},"excerpt":{"rendered":"<p>Capacit\u00e9 : 220 kg (500 lb) Surface antid\u00e9rapante et sans  [&#8230;]<\/p>\n","protected":false},"author":5,"featured_media":1153,"template":"","product-categories":[448],"product-rooms":[74],"product-variations":[],"clients":[],"class_list":["post-1568","product","type-product","status-publish","has-post-thumbnail","hentry","product_cat-exam-room-scales-fr","product_room-exam-room-fr"],"acf":[],"_links":{"self":[{"href":"https:\/\/medlinecapitalquote.ca\/fr\/wp-json\/wp\/v2\/products\/1568","targetHints":{"allow":["GET"]}}],"collection":[{"href":"https:\/\/medlinecapitalquote.ca\/fr\/wp-json\/wp\/v2\/products"}],"about":[{"href":"https:\/\/medlinecapitalquote.ca\/fr\/wp-json\/wp\/v2\/types\/product"}],"author":[{"embeddable":true,"href":"https:\/\/medlinecapitalquote.ca\/fr\/wp-json\/wp\/v2\/users\/5"}],"wp:featuredmedia":[{"embeddable":true,"href":"https:\/\/medlinecapitalquote.ca\/fr\/wp-json\/wp\/v2\/media\/1153"}],"wp:attachment":[{"href":"https:\/\/medlinecapitalquote.ca\/fr\/wp-json\/wp\/v2\/media?parent=1568"}],"wp:term":[{"taxonomy":"product_cat","embeddable":true,"href":"https:\/\/medlinecapitalquote.ca\/fr\/wp-json\/wp\/v2\/product-categories?post=1568"},{"taxonomy":"product_room","embeddable":true,"href":"https:\/\/medlinecapitalquote.ca\/fr\/wp-json\/wp\/v2\/product-rooms?post=1568"},{"taxonomy":"product_variation","embeddable":true,"href":"https:\/\/medlinecapitalquote.ca\/fr\/wp-json\/wp\/v2\/product-variations?post=1568"},{"taxonomy":"client","embeddable":true,"href":"https:\/\/medlinecapitalquote.ca\/fr\/wp-json\/wp\/v2\/clients?post=1568"}],"curies":[{"name":"wp","href":"https:\/\/api.w.org\/{rel}","templated":true}]}}