{"id":1569,"date":"2025-12-24T08:56:40","date_gmt":"2025-12-24T08:56:40","guid":{"rendered":"https:\/\/medlinecapitalquote.ca\/products\/station-de-mesure-sans-fil-pour-la-taille-et-le-poids-seca\/"},"modified":"2025-12-31T11:41:16","modified_gmt":"2025-12-31T11:41:16","slug":"station-de-mesure-sans-fil-pour-la-taille-et-le-poids-seca","status":"publish","type":"product","link":"https:\/\/medlinecapitalquote.ca\/fr\/products\/station-de-mesure-sans-fil-pour-la-taille-et-le-poids-seca\/","title":{"rendered":"Station de mesure sans fil pour la taille et le poids Seca\u00ae"},"content":{"rendered":"<ul>\n<li>Capacit\u00e9 : 300 kg (660 lb)<\/li>\n<li>Mesure la taille et le poids simultan\u00e9ment<\/li>\n<li>La large gamme de mesures de la taille est id\u00e9ale pour la p\u00e9diatrie<\/li>\n<li>L&rsquo;\u00e9cran tactile affiche le poids, la taille et l&rsquo;IMC simultan\u00e9ment<\/li>\n<li>Plateforme en verre de haute qualit\u00e9 avec positionneur de talon pour une mesure exacte \u00e0 3 points<\/li>\n<li>Les mesures sont transmises directement \u00e0 un syst\u00e8me de dossier m\u00e9dical \u00e9lectronique ou une imprimante<\/li>\n<li>Valid\u00e9e par le DME<\/li>\n<\/ul>\n","protected":false},"excerpt":{"rendered":"<p>Capacit\u00e9 : 300 kg (660 lb) Mesure la taille et  [&#8230;]<\/p>\n","protected":false},"author":4,"featured_media":121,"template":"","product-categories":[450],"product-rooms":[74],"product-variations":[],"clients":[],"class_list":["post-1569","product","type-product","status-publish","has-post-thumbnail","hentry","product_cat-height-measuring-devices-fr","product_room-exam-room-fr"],"acf":[],"_links":{"self":[{"href":"https:\/\/medlinecapitalquote.ca\/fr\/wp-json\/wp\/v2\/products\/1569","targetHints":{"allow":["GET"]}}],"collection":[{"href":"https:\/\/medlinecapitalquote.ca\/fr\/wp-json\/wp\/v2\/products"}],"about":[{"href":"https:\/\/medlinecapitalquote.ca\/fr\/wp-json\/wp\/v2\/types\/product"}],"author":[{"embeddable":true,"href":"https:\/\/medlinecapitalquote.ca\/fr\/wp-json\/wp\/v2\/users\/4"}],"wp:featuredmedia":[{"embeddable":true,"href":"https:\/\/medlinecapitalquote.ca\/fr\/wp-json\/wp\/v2\/media\/121"}],"wp:attachment":[{"href":"https:\/\/medlinecapitalquote.ca\/fr\/wp-json\/wp\/v2\/media?parent=1569"}],"wp:term":[{"taxonomy":"product_cat","embeddable":true,"href":"https:\/\/medlinecapitalquote.ca\/fr\/wp-json\/wp\/v2\/product-categories?post=1569"},{"taxonomy":"product_room","embeddable":true,"href":"https:\/\/medlinecapitalquote.ca\/fr\/wp-json\/wp\/v2\/product-rooms?post=1569"},{"taxonomy":"product_variation","embeddable":true,"href":"https:\/\/medlinecapitalquote.ca\/fr\/wp-json\/wp\/v2\/product-variations?post=1569"},{"taxonomy":"client","embeddable":true,"href":"https:\/\/medlinecapitalquote.ca\/fr\/wp-json\/wp\/v2\/clients?post=1569"}],"curies":[{"name":"wp","href":"https:\/\/api.w.org\/{rel}","templated":true}]}}