{"id":1572,"date":"2025-12-29T08:08:43","date_gmt":"2025-12-29T08:08:43","guid":{"rendered":"https:\/\/medlinecapitalquote.ca\/products\/balance-numerique-a-hauteur-des-yeux-avec-toise-numerique-et-fonction-imc-automatique-elevate-c-health-o-meter\/"},"modified":"2026-01-09T11:51:49","modified_gmt":"2026-01-09T11:51:49","slug":"balance-numerique-a-hauteur-des-yeux-avec-toise-numerique-et-fonction-imc-automatique-elevate-c-health-o-meter","status":"publish","type":"product","link":"https:\/\/medlinecapitalquote.ca\/fr\/products\/balance-numerique-a-hauteur-des-yeux-avec-toise-numerique-et-fonction-imc-automatique-elevate-c-health-o-meter\/","title":{"rendered":"Balance num\u00e9rique \u00e0 hauteur des yeux avec toise num\u00e9rique et fonction IMC automatique Elevate-C Health O Meter\u00ae"},"content":{"rendered":"<ul>\n<li>Capacit\u00e9 : 272 kg (600 lb)<\/li>\n<li>Mesure num\u00e9riquement la taille, le poids et l&rsquo;IMC, et transmet les mesures via un ensemble de connectivit\u00e9 avec adaptateur externe qui s&rsquo;interface avec les moniteurs Welch Allyn<\/li>\n<li>La transmission num\u00e9rique des signes vitaux aide \u00e0 r\u00e9duire les erreurs qui peuvent survenir lors de la saisie manuelle des donn\u00e9es<\/li>\n<li>La plateforme \u00e0 profil bas n\u00e9cessite une mont\u00e9e minimale, offrant au patient une exp\u00e9rience de pesage plus confortable et plus stable<\/li>\n<li>Aide les praticiens \u00e0 se conformer au DME<\/li>\n<\/ul>\n","protected":false},"excerpt":{"rendered":"<p>Capacit\u00e9 : 272 kg (600 lb) Mesure num\u00e9riquement la taille,  [&#8230;]<\/p>\n","protected":false},"author":5,"featured_media":2161,"template":"","product-categories":[448],"product-rooms":[74],"product-variations":[696,92],"clients":[],"class_list":["post-1572","product","type-product","status-publish","has-post-thumbnail","hentry","product_cat-exam-room-scales-fr","product_room-exam-room-fr","product_variation-pour-moniteur-wa-lxi","product_variation-configuration-fr"],"acf":[],"_links":{"self":[{"href":"https:\/\/medlinecapitalquote.ca\/fr\/wp-json\/wp\/v2\/products\/1572","targetHints":{"allow":["GET"]}}],"collection":[{"href":"https:\/\/medlinecapitalquote.ca\/fr\/wp-json\/wp\/v2\/products"}],"about":[{"href":"https:\/\/medlinecapitalquote.ca\/fr\/wp-json\/wp\/v2\/types\/product"}],"author":[{"embeddable":true,"href":"https:\/\/medlinecapitalquote.ca\/fr\/wp-json\/wp\/v2\/users\/5"}],"wp:featuredmedia":[{"embeddable":true,"href":"https:\/\/medlinecapitalquote.ca\/fr\/wp-json\/wp\/v2\/media\/2161"}],"wp:attachment":[{"href":"https:\/\/medlinecapitalquote.ca\/fr\/wp-json\/wp\/v2\/media?parent=1572"}],"wp:term":[{"taxonomy":"product_cat","embeddable":true,"href":"https:\/\/medlinecapitalquote.ca\/fr\/wp-json\/wp\/v2\/product-categories?post=1572"},{"taxonomy":"product_room","embeddable":true,"href":"https:\/\/medlinecapitalquote.ca\/fr\/wp-json\/wp\/v2\/product-rooms?post=1572"},{"taxonomy":"product_variation","embeddable":true,"href":"https:\/\/medlinecapitalquote.ca\/fr\/wp-json\/wp\/v2\/product-variations?post=1572"},{"taxonomy":"client","embeddable":true,"href":"https:\/\/medlinecapitalquote.ca\/fr\/wp-json\/wp\/v2\/clients?post=1572"}],"curies":[{"name":"wp","href":"https:\/\/api.w.org\/{rel}","templated":true}]}}