{"id":1575,"date":"2025-12-25T20:44:51","date_gmt":"2025-12-25T20:44:51","guid":{"rendered":"https:\/\/medlinecapitalquote.ca\/products\/evacuateur-de-fumee-smoke-shark-ii-120-v\/"},"modified":"2026-01-09T12:20:49","modified_gmt":"2026-01-09T12:20:49","slug":"evacuateur-de-fumee-smoke-shark-ii-120-v","status":"publish","type":"product","link":"https:\/\/medlinecapitalquote.ca\/fr\/products\/evacuateur-de-fumee-smoke-shark-ii-120-v\/","title":{"rendered":"\u00c9vacuateur de fum\u00e9e Smoke Shark\u2122 II, 120 V"},"content":{"rendered":"<ul>\n<li>Le filtre SF35 \u00e0 dur\u00e9e de vie prolong\u00e9e offre jusqu&rsquo;\u00e0 35 heures de performance lorsqu&rsquo;il est utilis\u00e9 au r\u00e9glage le plus bas<\/li>\n<li>Conception moderne, l\u00e9g\u00e8re et compacte permettant une utilisation, un rangement et un empilage simplifi\u00e9s<\/li>\n<li>Le filtre couvert \u00e0 trois orifices s&rsquo;adapte \u00e0 une vari\u00e9t\u00e9 de tubes de 6,4 mm (1\/4 po ), 9,5 mm (3\/8 po) et 22 mm (7\/8 po), offrant ainsi une grande souplesse d&rsquo;utilisation<\/li>\n<\/ul>\n","protected":false},"excerpt":{"rendered":"<p>Le filtre SF35 \u00e0 dur\u00e9e de vie prolong\u00e9e offre jusqu&rsquo;\u00e0  [&#8230;]<\/p>\n","protected":false},"author":5,"featured_media":2161,"template":"","product-categories":[197],"product-rooms":[198],"product-variations":[],"clients":[],"class_list":["post-1575","product","type-product","status-publish","has-post-thumbnail","hentry","product_cat-cautery-and-accessories-fr","product_room-surgery-centre-operating-room-fr"],"acf":[],"_links":{"self":[{"href":"https:\/\/medlinecapitalquote.ca\/fr\/wp-json\/wp\/v2\/products\/1575","targetHints":{"allow":["GET"]}}],"collection":[{"href":"https:\/\/medlinecapitalquote.ca\/fr\/wp-json\/wp\/v2\/products"}],"about":[{"href":"https:\/\/medlinecapitalquote.ca\/fr\/wp-json\/wp\/v2\/types\/product"}],"author":[{"embeddable":true,"href":"https:\/\/medlinecapitalquote.ca\/fr\/wp-json\/wp\/v2\/users\/5"}],"wp:featuredmedia":[{"embeddable":true,"href":"https:\/\/medlinecapitalquote.ca\/fr\/wp-json\/wp\/v2\/media\/2161"}],"wp:attachment":[{"href":"https:\/\/medlinecapitalquote.ca\/fr\/wp-json\/wp\/v2\/media?parent=1575"}],"wp:term":[{"taxonomy":"product_cat","embeddable":true,"href":"https:\/\/medlinecapitalquote.ca\/fr\/wp-json\/wp\/v2\/product-categories?post=1575"},{"taxonomy":"product_room","embeddable":true,"href":"https:\/\/medlinecapitalquote.ca\/fr\/wp-json\/wp\/v2\/product-rooms?post=1575"},{"taxonomy":"product_variation","embeddable":true,"href":"https:\/\/medlinecapitalquote.ca\/fr\/wp-json\/wp\/v2\/product-variations?post=1575"},{"taxonomy":"client","embeddable":true,"href":"https:\/\/medlinecapitalquote.ca\/fr\/wp-json\/wp\/v2\/clients?post=1575"}],"curies":[{"name":"wp","href":"https:\/\/api.w.org\/{rel}","templated":true}]}}