{"id":1578,"date":"2025-12-29T09:02:30","date_gmt":"2025-12-29T09:02:30","guid":{"rendered":"https:\/\/medlinecapitalquote.ca\/products\/trousse-de-demarrage-pour-incubateur-verify-pour-indicateur-biologique-autonome-assert\/"},"modified":"2026-03-13T10:05:01","modified_gmt":"2026-03-13T10:05:01","slug":"trousse-de-demarrage-pour-incubateur-verify-pour-indicateur-biologique-autonome-assert","status":"publish","type":"product","link":"https:\/\/medlinecapitalquote.ca\/fr\/products\/trousse-de-demarrage-pour-incubateur-verify-pour-indicateur-biologique-autonome-assert\/","title":{"rendered":"Trousse de d\u00e9marrage pour incubateur VERIFY\u00ae pour indicateur biologique autonome Assert\u2122"},"content":{"rendered":"<ul>\n<li>Plage de temp\u00e9ratures : 57 \u00b0C, -2 \u00b0C ou +3 \u00b0C<\/li>\n<li>Plage des temp\u00e9ratures ambiantes : 16 \u00b0C \u00e0 24 \u00b0C<\/li>\n<li>Capacit\u00e9 de 8 puits<\/li>\n<li>Humidit\u00e9 relative de 30 % \u00e0 70 %<\/li>\n<li>Lecture finale au bout de 40 minutes<\/li>\n<li>Alarmes sonores et visuelles<\/li>\n<li>Contr\u00f4le automatique de la temp\u00e9rature pour un fonctionnement r\u00e9gulier<\/li>\n<li>Taille compacte et \u00e9cran ACL<\/li>\n<\/ul>\n","protected":false},"excerpt":{"rendered":"<p>Plage de temp\u00e9ratures : 57 \u00b0C, -2 \u00b0C ou +3  [&#8230;]<\/p>\n","protected":false},"author":5,"featured_media":2161,"template":"","product-categories":[469],"product-rooms":[198,1116],"product-variations":[],"clients":[],"class_list":["post-1578","product","type-product","status-publish","has-post-thumbnail","hentry","product_cat-sterilization-monitoring-products-fr","product_room-surgery-centre-operating-room-fr","product_room-sterilization-room-fr"],"acf":[],"_links":{"self":[{"href":"https:\/\/medlinecapitalquote.ca\/fr\/wp-json\/wp\/v2\/products\/1578","targetHints":{"allow":["GET"]}}],"collection":[{"href":"https:\/\/medlinecapitalquote.ca\/fr\/wp-json\/wp\/v2\/products"}],"about":[{"href":"https:\/\/medlinecapitalquote.ca\/fr\/wp-json\/wp\/v2\/types\/product"}],"author":[{"embeddable":true,"href":"https:\/\/medlinecapitalquote.ca\/fr\/wp-json\/wp\/v2\/users\/5"}],"wp:featuredmedia":[{"embeddable":true,"href":"https:\/\/medlinecapitalquote.ca\/fr\/wp-json\/wp\/v2\/media\/2161"}],"wp:attachment":[{"href":"https:\/\/medlinecapitalquote.ca\/fr\/wp-json\/wp\/v2\/media?parent=1578"}],"wp:term":[{"taxonomy":"product_cat","embeddable":true,"href":"https:\/\/medlinecapitalquote.ca\/fr\/wp-json\/wp\/v2\/product-categories?post=1578"},{"taxonomy":"product_room","embeddable":true,"href":"https:\/\/medlinecapitalquote.ca\/fr\/wp-json\/wp\/v2\/product-rooms?post=1578"},{"taxonomy":"product_variation","embeddable":true,"href":"https:\/\/medlinecapitalquote.ca\/fr\/wp-json\/wp\/v2\/product-variations?post=1578"},{"taxonomy":"client","embeddable":true,"href":"https:\/\/medlinecapitalquote.ca\/fr\/wp-json\/wp\/v2\/clients?post=1578"}],"curies":[{"name":"wp","href":"https:\/\/api.w.org\/{rel}","templated":true}]}}