{"id":1579,"date":"2025-12-25T21:22:49","date_gmt":"2025-12-25T21:22:49","guid":{"rendered":"https:\/\/medlinecapitalquote.ca\/products\/activateur-de-commutateur-a-distance-bovie-smoke-shark-pour-se02-et-se03-120\/"},"modified":"2025-12-31T12:04:27","modified_gmt":"2025-12-31T12:04:27","slug":"activateur-de-commutateur-a-distance-bovie-smoke-shark-pour-se02-et-se03-120","status":"publish","type":"product","link":"https:\/\/medlinecapitalquote.ca\/fr\/products\/activateur-de-commutateur-a-distance-bovie-smoke-shark-pour-se02-et-se03-120\/","title":{"rendered":"Activateur de commutateur \u00e0 distance Bovie\u00ae Smoke Shark\u2122 pour SE02 et SE03-120"},"content":{"rendered":"<ul>\n<li>Contribue \u00e0 optimiser la dur\u00e9e de vie du filtre et l&rsquo;efficacit\u00e9 chirurgicale<\/li>\n<li>Compatible avec les \u00e9vacuateur de fum\u00e9e Smoke Shark II et Smoke Shark III<\/li>\n<\/ul>\n","protected":false},"excerpt":{"rendered":"<p>Contribue \u00e0 optimiser la dur\u00e9e de vie du filtre et  [&#8230;]<\/p>\n","protected":false},"author":3,"featured_media":1332,"template":"","product-categories":[197],"product-rooms":[198],"product-variations":[],"clients":[],"class_list":["post-1579","product","type-product","status-publish","has-post-thumbnail","hentry","product_cat-cautery-and-accessories-fr","product_room-surgery-centre-operating-room-fr"],"acf":[],"_links":{"self":[{"href":"https:\/\/medlinecapitalquote.ca\/fr\/wp-json\/wp\/v2\/products\/1579","targetHints":{"allow":["GET"]}}],"collection":[{"href":"https:\/\/medlinecapitalquote.ca\/fr\/wp-json\/wp\/v2\/products"}],"about":[{"href":"https:\/\/medlinecapitalquote.ca\/fr\/wp-json\/wp\/v2\/types\/product"}],"author":[{"embeddable":true,"href":"https:\/\/medlinecapitalquote.ca\/fr\/wp-json\/wp\/v2\/users\/3"}],"wp:featuredmedia":[{"embeddable":true,"href":"https:\/\/medlinecapitalquote.ca\/fr\/wp-json\/wp\/v2\/media\/1332"}],"wp:attachment":[{"href":"https:\/\/medlinecapitalquote.ca\/fr\/wp-json\/wp\/v2\/media?parent=1579"}],"wp:term":[{"taxonomy":"product_cat","embeddable":true,"href":"https:\/\/medlinecapitalquote.ca\/fr\/wp-json\/wp\/v2\/product-categories?post=1579"},{"taxonomy":"product_room","embeddable":true,"href":"https:\/\/medlinecapitalquote.ca\/fr\/wp-json\/wp\/v2\/product-rooms?post=1579"},{"taxonomy":"product_variation","embeddable":true,"href":"https:\/\/medlinecapitalquote.ca\/fr\/wp-json\/wp\/v2\/product-variations?post=1579"},{"taxonomy":"client","embeddable":true,"href":"https:\/\/medlinecapitalquote.ca\/fr\/wp-json\/wp\/v2\/clients?post=1579"}],"curies":[{"name":"wp","href":"https:\/\/api.w.org\/{rel}","templated":true}]}}