{"id":1582,"date":"2025-12-24T09:09:50","date_gmt":"2025-12-24T09:09:50","guid":{"rendered":"https:\/\/medlinecapitalquote.ca\/products\/balance-numerique-avec-mesure-par-ultrasons-seca\/"},"modified":"2025-12-31T12:07:46","modified_gmt":"2025-12-31T12:07:46","slug":"balance-numerique-avec-mesure-par-ultrasons-seca","status":"publish","type":"product","link":"https:\/\/medlinecapitalquote.ca\/fr\/products\/balance-numerique-avec-mesure-par-ultrasons-seca\/","title":{"rendered":"Balance num\u00e9rique avec mesure par ultrasons Seca\u00ae"},"content":{"rendered":"<ul>\n<li>3 paires de capteurs et un auto-\u00e9talonnage constant garantissent les r\u00e9sultats les plus pr\u00e9cis<\/li>\n<li>Grande vari\u00e9t\u00e9 d&rsquo;options pour obtenir des r\u00e9sultats de mesure<\/li>\n<\/ul>\n","protected":false},"excerpt":{"rendered":"<p>3 paires de capteurs et un auto-\u00e9talonnage constant garantissent les  [&#8230;]<\/p>\n","protected":false},"author":4,"featured_media":124,"template":"","product-categories":[450],"product-rooms":[74],"product-variations":[],"clients":[],"class_list":["post-1582","product","type-product","status-publish","has-post-thumbnail","hentry","product_cat-height-measuring-devices-fr","product_room-exam-room-fr"],"acf":[],"_links":{"self":[{"href":"https:\/\/medlinecapitalquote.ca\/fr\/wp-json\/wp\/v2\/products\/1582","targetHints":{"allow":["GET"]}}],"collection":[{"href":"https:\/\/medlinecapitalquote.ca\/fr\/wp-json\/wp\/v2\/products"}],"about":[{"href":"https:\/\/medlinecapitalquote.ca\/fr\/wp-json\/wp\/v2\/types\/product"}],"author":[{"embeddable":true,"href":"https:\/\/medlinecapitalquote.ca\/fr\/wp-json\/wp\/v2\/users\/4"}],"wp:featuredmedia":[{"embeddable":true,"href":"https:\/\/medlinecapitalquote.ca\/fr\/wp-json\/wp\/v2\/media\/124"}],"wp:attachment":[{"href":"https:\/\/medlinecapitalquote.ca\/fr\/wp-json\/wp\/v2\/media?parent=1582"}],"wp:term":[{"taxonomy":"product_cat","embeddable":true,"href":"https:\/\/medlinecapitalquote.ca\/fr\/wp-json\/wp\/v2\/product-categories?post=1582"},{"taxonomy":"product_room","embeddable":true,"href":"https:\/\/medlinecapitalquote.ca\/fr\/wp-json\/wp\/v2\/product-rooms?post=1582"},{"taxonomy":"product_variation","embeddable":true,"href":"https:\/\/medlinecapitalquote.ca\/fr\/wp-json\/wp\/v2\/product-variations?post=1582"},{"taxonomy":"client","embeddable":true,"href":"https:\/\/medlinecapitalquote.ca\/fr\/wp-json\/wp\/v2\/clients?post=1582"}],"curies":[{"name":"wp","href":"https:\/\/api.w.org\/{rel}","templated":true}]}}