{"id":1583,"date":"2025-12-29T09:05:11","date_gmt":"2025-12-29T09:05:11","guid":{"rendered":"https:\/\/medlinecapitalquote.ca\/products\/incubateur-8-puits-celerity-steam\/"},"modified":"2026-03-13T10:09:42","modified_gmt":"2026-03-13T10:09:42","slug":"incubateur-8-puits-celerity-steam","status":"publish","type":"product","link":"https:\/\/medlinecapitalquote.ca\/fr\/products\/incubateur-8-puits-celerity-steam\/","title":{"rendered":"Incubateur 8 puits Celerity\u2122 STEAM"},"content":{"rendered":"<ul>\n<li>Con\u00e7u pour incuber un indicateur biologique \u00e0 vapeur Celerity 20 \u00e0 lecture automatique<\/li>\n<li>R\u00e9sultat fluorescent en seulement 20 minutes<\/li>\n<\/ul>\n","protected":false},"excerpt":{"rendered":"<p>Con\u00e7u pour incuber un indicateur biologique \u00e0 vapeur Celerity 20  [&#8230;]<\/p>\n","protected":false},"author":5,"featured_media":2161,"template":"","product-categories":[469],"product-rooms":[198,1116],"product-variations":[],"clients":[],"class_list":["post-1583","product","type-product","status-publish","has-post-thumbnail","hentry","product_cat-sterilization-monitoring-products-fr","product_room-surgery-centre-operating-room-fr","product_room-sterilization-room-fr"],"acf":[],"_links":{"self":[{"href":"https:\/\/medlinecapitalquote.ca\/fr\/wp-json\/wp\/v2\/products\/1583","targetHints":{"allow":["GET"]}}],"collection":[{"href":"https:\/\/medlinecapitalquote.ca\/fr\/wp-json\/wp\/v2\/products"}],"about":[{"href":"https:\/\/medlinecapitalquote.ca\/fr\/wp-json\/wp\/v2\/types\/product"}],"author":[{"embeddable":true,"href":"https:\/\/medlinecapitalquote.ca\/fr\/wp-json\/wp\/v2\/users\/5"}],"wp:featuredmedia":[{"embeddable":true,"href":"https:\/\/medlinecapitalquote.ca\/fr\/wp-json\/wp\/v2\/media\/2161"}],"wp:attachment":[{"href":"https:\/\/medlinecapitalquote.ca\/fr\/wp-json\/wp\/v2\/media?parent=1583"}],"wp:term":[{"taxonomy":"product_cat","embeddable":true,"href":"https:\/\/medlinecapitalquote.ca\/fr\/wp-json\/wp\/v2\/product-categories?post=1583"},{"taxonomy":"product_room","embeddable":true,"href":"https:\/\/medlinecapitalquote.ca\/fr\/wp-json\/wp\/v2\/product-rooms?post=1583"},{"taxonomy":"product_variation","embeddable":true,"href":"https:\/\/medlinecapitalquote.ca\/fr\/wp-json\/wp\/v2\/product-variations?post=1583"},{"taxonomy":"client","embeddable":true,"href":"https:\/\/medlinecapitalquote.ca\/fr\/wp-json\/wp\/v2\/clients?post=1583"}],"curies":[{"name":"wp","href":"https:\/\/api.w.org\/{rel}","templated":true}]}}