{"id":1585,"date":"2025-12-25T21:26:17","date_gmt":"2025-12-25T21:26:17","guid":{"rendered":"https:\/\/medlinecapitalquote.ca\/products\/filtre-chirurgical-non-sterile-bovie-smoke-shark-iii\/"},"modified":"2026-01-09T12:20:06","modified_gmt":"2026-01-09T12:20:06","slug":"filtre-chirurgical-non-sterile-bovie-smoke-shark-iii","status":"publish","type":"product","link":"https:\/\/medlinecapitalquote.ca\/fr\/products\/filtre-chirurgical-non-sterile-bovie-smoke-shark-iii\/","title":{"rendered":"Filtre chirurgical non st\u00e9rile Bovie\u00ae Smoke Shark\u2122 III"},"content":{"rendered":"<ul>\n<li>Non st\u00e9rile<\/li>\n<li>Filtration ULPA en 4 \u00e9tapes<\/li>\n<li>Le filtre multi-proc\u00e9dures aide \u00e0 r\u00e9duire les dangers physiques, biologiques et chimiques dans les panaches de fum\u00e9e \u00e9lectrochirurgicaux<\/li>\n<li>Jusqu\u2019\u00e0 6 heures d\u2019autonomie<\/li>\n<li>Suivi de la dur\u00e9e de vie du filtre<\/li>\n<li>Id\u00e9al pour les petits cabinets<\/li>\n<\/ul>\n","protected":false},"excerpt":{"rendered":"<p>Non st\u00e9rile Filtration ULPA en 4 \u00e9tapes Le filtre multi-proc\u00e9dures  [&#8230;]<\/p>\n","protected":false},"author":3,"featured_media":1335,"template":"","product-categories":[197],"product-rooms":[198],"product-variations":[],"clients":[],"class_list":["post-1585","product","type-product","status-publish","has-post-thumbnail","hentry","product_cat-cautery-and-accessories-fr","product_room-surgery-centre-operating-room-fr"],"acf":[],"_links":{"self":[{"href":"https:\/\/medlinecapitalquote.ca\/fr\/wp-json\/wp\/v2\/products\/1585","targetHints":{"allow":["GET"]}}],"collection":[{"href":"https:\/\/medlinecapitalquote.ca\/fr\/wp-json\/wp\/v2\/products"}],"about":[{"href":"https:\/\/medlinecapitalquote.ca\/fr\/wp-json\/wp\/v2\/types\/product"}],"author":[{"embeddable":true,"href":"https:\/\/medlinecapitalquote.ca\/fr\/wp-json\/wp\/v2\/users\/3"}],"wp:featuredmedia":[{"embeddable":true,"href":"https:\/\/medlinecapitalquote.ca\/fr\/wp-json\/wp\/v2\/media\/1335"}],"wp:attachment":[{"href":"https:\/\/medlinecapitalquote.ca\/fr\/wp-json\/wp\/v2\/media?parent=1585"}],"wp:term":[{"taxonomy":"product_cat","embeddable":true,"href":"https:\/\/medlinecapitalquote.ca\/fr\/wp-json\/wp\/v2\/product-categories?post=1585"},{"taxonomy":"product_room","embeddable":true,"href":"https:\/\/medlinecapitalquote.ca\/fr\/wp-json\/wp\/v2\/product-rooms?post=1585"},{"taxonomy":"product_variation","embeddable":true,"href":"https:\/\/medlinecapitalquote.ca\/fr\/wp-json\/wp\/v2\/product-variations?post=1585"},{"taxonomy":"client","embeddable":true,"href":"https:\/\/medlinecapitalquote.ca\/fr\/wp-json\/wp\/v2\/clients?post=1585"}],"curies":[{"name":"wp","href":"https:\/\/api.w.org\/{rel}","templated":true}]}}