{"id":1587,"date":"2025-12-24T09:12:28","date_gmt":"2025-12-24T09:12:28","guid":{"rendered":"https:\/\/medlinecapitalquote.ca\/products\/balance-numerique-pour-nourrissons-seca-334\/"},"modified":"2026-01-09T12:57:06","modified_gmt":"2026-01-09T12:57:06","slug":"balance-numerique-pour-nourrissons-seca-334","status":"publish","type":"product","link":"https:\/\/medlinecapitalquote.ca\/fr\/products\/balance-numerique-pour-nourrissons-seca-334\/","title":{"rendered":"Balance num\u00e9rique pour nourrissons Seca\u00ae 334"},"content":{"rendered":"<ul>\n<li>Capacit\u00e9 : 20 kg (44 lb)<\/li>\n<li>L\u00e9g\u00e8re et dot\u00e9e d&rsquo;une poign\u00e9e de transport pour une utilisation mobile<\/li>\n<li>Toise disponible en option qui permet la mesure du poids et de la taille simultan\u00e9e<\/li>\n<li>Construction plate pour un rangement facile dans un tiroir<\/li>\n<li>Grand \u00e9cran LCD facile \u00e0 lire<\/li>\n<li>Large gamme de fonctions\u00a0: TARE, BMIF et Auto-HOLD<\/li>\n<\/ul>\n","protected":false},"excerpt":{"rendered":"<p>Capacit\u00e9 : 20 kg (44 lb) L\u00e9g\u00e8re et dot\u00e9e d&rsquo;une  [&#8230;]<\/p>\n","protected":false},"author":4,"featured_media":2161,"template":"","product-categories":[448],"product-rooms":[74],"product-variations":[],"clients":[],"class_list":["post-1587","product","type-product","status-publish","has-post-thumbnail","hentry","product_cat-exam-room-scales-fr","product_room-exam-room-fr"],"acf":[],"_links":{"self":[{"href":"https:\/\/medlinecapitalquote.ca\/fr\/wp-json\/wp\/v2\/products\/1587","targetHints":{"allow":["GET"]}}],"collection":[{"href":"https:\/\/medlinecapitalquote.ca\/fr\/wp-json\/wp\/v2\/products"}],"about":[{"href":"https:\/\/medlinecapitalquote.ca\/fr\/wp-json\/wp\/v2\/types\/product"}],"author":[{"embeddable":true,"href":"https:\/\/medlinecapitalquote.ca\/fr\/wp-json\/wp\/v2\/users\/4"}],"wp:featuredmedia":[{"embeddable":true,"href":"https:\/\/medlinecapitalquote.ca\/fr\/wp-json\/wp\/v2\/media\/2161"}],"wp:attachment":[{"href":"https:\/\/medlinecapitalquote.ca\/fr\/wp-json\/wp\/v2\/media?parent=1587"}],"wp:term":[{"taxonomy":"product_cat","embeddable":true,"href":"https:\/\/medlinecapitalquote.ca\/fr\/wp-json\/wp\/v2\/product-categories?post=1587"},{"taxonomy":"product_room","embeddable":true,"href":"https:\/\/medlinecapitalquote.ca\/fr\/wp-json\/wp\/v2\/product-rooms?post=1587"},{"taxonomy":"product_variation","embeddable":true,"href":"https:\/\/medlinecapitalquote.ca\/fr\/wp-json\/wp\/v2\/product-variations?post=1587"},{"taxonomy":"client","embeddable":true,"href":"https:\/\/medlinecapitalquote.ca\/fr\/wp-json\/wp\/v2\/clients?post=1587"}],"curies":[{"name":"wp","href":"https:\/\/api.w.org\/{rel}","templated":true}]}}