{"id":1592,"date":"2025-12-25T21:32:24","date_gmt":"2025-12-25T21:32:24","guid":{"rendered":"https:\/\/medlinecapitalquote.ca\/products\/filtre-de-rechange-bovie-smoke-shark-pour-se01\/"},"modified":"2025-12-31T12:17:11","modified_gmt":"2025-12-31T12:17:11","slug":"filtre-de-rechange-bovie-smoke-shark-pour-se01","status":"publish","type":"product","link":"https:\/\/medlinecapitalquote.ca\/fr\/products\/filtre-de-rechange-bovie-smoke-shark-pour-se01\/","title":{"rendered":"Filtre de rechange Bovie\u00ae Smoke Shark\u2122 pour SE01"},"content":{"rendered":"<ul>\n<li>Jusqu&rsquo;\u00e0 18 heures d&rsquo;autonomie<\/li>\n<li>Facile \u00e0 utiliser, ranger et empiler gr\u00e2ce \u00e0 sa conception l\u00e9g\u00e8re et compacte<\/li>\n<li>Ultra silencieux<\/li>\n<\/ul>\n","protected":false},"excerpt":{"rendered":"<p>Jusqu&rsquo;\u00e0 18 heures d&rsquo;autonomie Facile \u00e0 utiliser, ranger et empiler  [&#8230;]<\/p>\n","protected":false},"author":3,"featured_media":1338,"template":"","product-categories":[197],"product-rooms":[198],"product-variations":[512,513,92],"clients":[],"class_list":["post-1592","product","type-product","status-publish","has-post-thumbnail","hentry","product_cat-cautery-and-accessories-fr","product_room-surgery-centre-operating-room-fr","product_variation-pour-se01-18h","product_variation-pour-se02-35h","product_variation-configuration-fr"],"acf":[],"_links":{"self":[{"href":"https:\/\/medlinecapitalquote.ca\/fr\/wp-json\/wp\/v2\/products\/1592","targetHints":{"allow":["GET"]}}],"collection":[{"href":"https:\/\/medlinecapitalquote.ca\/fr\/wp-json\/wp\/v2\/products"}],"about":[{"href":"https:\/\/medlinecapitalquote.ca\/fr\/wp-json\/wp\/v2\/types\/product"}],"author":[{"embeddable":true,"href":"https:\/\/medlinecapitalquote.ca\/fr\/wp-json\/wp\/v2\/users\/3"}],"wp:featuredmedia":[{"embeddable":true,"href":"https:\/\/medlinecapitalquote.ca\/fr\/wp-json\/wp\/v2\/media\/1338"}],"wp:attachment":[{"href":"https:\/\/medlinecapitalquote.ca\/fr\/wp-json\/wp\/v2\/media?parent=1592"}],"wp:term":[{"taxonomy":"product_cat","embeddable":true,"href":"https:\/\/medlinecapitalquote.ca\/fr\/wp-json\/wp\/v2\/product-categories?post=1592"},{"taxonomy":"product_room","embeddable":true,"href":"https:\/\/medlinecapitalquote.ca\/fr\/wp-json\/wp\/v2\/product-rooms?post=1592"},{"taxonomy":"product_variation","embeddable":true,"href":"https:\/\/medlinecapitalquote.ca\/fr\/wp-json\/wp\/v2\/product-variations?post=1592"},{"taxonomy":"client","embeddable":true,"href":"https:\/\/medlinecapitalquote.ca\/fr\/wp-json\/wp\/v2\/clients?post=1592"}],"curies":[{"name":"wp","href":"https:\/\/api.w.org\/{rel}","templated":true}]}}