{"id":1594,"date":"2025-12-24T09:25:19","date_gmt":"2025-12-24T09:25:19","guid":{"rendered":"https:\/\/medlinecapitalquote.ca\/products\/balance-numerique-pour-nourrissons-avec-plateau-amovible-seca-354\/"},"modified":"2025-12-31T12:18:29","modified_gmt":"2025-12-31T12:18:29","slug":"balance-numerique-pour-nourrissons-avec-plateau-amovible-seca-354","status":"publish","type":"product","link":"https:\/\/medlinecapitalquote.ca\/fr\/products\/balance-numerique-pour-nourrissons-avec-plateau-amovible-seca-354\/","title":{"rendered":"Balance num\u00e9rique pour nourrissons avec plateau amovible Seca\u00ae 354"},"content":{"rendered":"<ul>\n<li>Capacit\u00e9 : 20 kg (44 lb)<\/li>\n<li>Facile \u00e0 nettoyer et d\u00e9sinfecter<\/li>\n<li>R\u00e9sistant \u00e0 la corrosion et aux taches pour une utilisation \u00e0 long terme<\/li>\n<\/ul>\n","protected":false},"excerpt":{"rendered":"<p>Capacit\u00e9 : 20 kg (44 lb) Facile \u00e0 nettoyer et  [&#8230;]<\/p>\n","protected":false},"author":4,"featured_media":130,"template":"","product-categories":[448],"product-rooms":[74],"product-variations":[],"clients":[],"class_list":["post-1594","product","type-product","status-publish","has-post-thumbnail","hentry","product_cat-exam-room-scales-fr","product_room-exam-room-fr"],"acf":[],"_links":{"self":[{"href":"https:\/\/medlinecapitalquote.ca\/fr\/wp-json\/wp\/v2\/products\/1594","targetHints":{"allow":["GET"]}}],"collection":[{"href":"https:\/\/medlinecapitalquote.ca\/fr\/wp-json\/wp\/v2\/products"}],"about":[{"href":"https:\/\/medlinecapitalquote.ca\/fr\/wp-json\/wp\/v2\/types\/product"}],"author":[{"embeddable":true,"href":"https:\/\/medlinecapitalquote.ca\/fr\/wp-json\/wp\/v2\/users\/4"}],"wp:featuredmedia":[{"embeddable":true,"href":"https:\/\/medlinecapitalquote.ca\/fr\/wp-json\/wp\/v2\/media\/130"}],"wp:attachment":[{"href":"https:\/\/medlinecapitalquote.ca\/fr\/wp-json\/wp\/v2\/media?parent=1594"}],"wp:term":[{"taxonomy":"product_cat","embeddable":true,"href":"https:\/\/medlinecapitalquote.ca\/fr\/wp-json\/wp\/v2\/product-categories?post=1594"},{"taxonomy":"product_room","embeddable":true,"href":"https:\/\/medlinecapitalquote.ca\/fr\/wp-json\/wp\/v2\/product-rooms?post=1594"},{"taxonomy":"product_variation","embeddable":true,"href":"https:\/\/medlinecapitalquote.ca\/fr\/wp-json\/wp\/v2\/product-variations?post=1594"},{"taxonomy":"client","embeddable":true,"href":"https:\/\/medlinecapitalquote.ca\/fr\/wp-json\/wp\/v2\/clients?post=1594"}],"curies":[{"name":"wp","href":"https:\/\/api.w.org\/{rel}","templated":true}]}}