{"id":1596,"date":"2025-12-29T09:09:41","date_gmt":"2025-12-29T09:09:41","guid":{"rendered":"https:\/\/medlinecapitalquote.ca\/products\/incubateur-sur-table-6-puits-verify-55-60-c\/"},"modified":"2026-03-13T08:03:21","modified_gmt":"2026-03-13T08:03:21","slug":"incubateur-sur-table-6-puits-verify-55-60-c","status":"publish","type":"product","link":"https:\/\/medlinecapitalquote.ca\/fr\/products\/incubateur-sur-table-6-puits-verify-55-60-c\/","title":{"rendered":"Incubateur sur table 6 puits VERIFY\u00ae, 55-60 \u00b0C"},"content":{"rendered":"<ul>\n<li>Dimensions : 15 cm x 22 cm x 34 cm (5-7\/8 po x 8-1\/2 po x 13-1\/4 po)<\/li>\n<li>Contr\u00f4le ind\u00e9pendant de la temp\u00e9rature, \u00e9talonn\u00e9 et certifi\u00e9<\/li>\n<\/ul>\n","protected":false},"excerpt":{"rendered":"<p>Dimensions : 15 cm x 22 cm x 34 cm  [&#8230;]<\/p>\n","protected":false},"author":5,"featured_media":2161,"template":"","product-categories":[469],"product-rooms":[198,1116],"product-variations":[],"clients":[],"class_list":["post-1596","product","type-product","status-publish","has-post-thumbnail","hentry","product_cat-sterilization-monitoring-products-fr","product_room-surgery-centre-operating-room-fr","product_room-sterilization-room-fr"],"acf":[],"_links":{"self":[{"href":"https:\/\/medlinecapitalquote.ca\/fr\/wp-json\/wp\/v2\/products\/1596","targetHints":{"allow":["GET"]}}],"collection":[{"href":"https:\/\/medlinecapitalquote.ca\/fr\/wp-json\/wp\/v2\/products"}],"about":[{"href":"https:\/\/medlinecapitalquote.ca\/fr\/wp-json\/wp\/v2\/types\/product"}],"author":[{"embeddable":true,"href":"https:\/\/medlinecapitalquote.ca\/fr\/wp-json\/wp\/v2\/users\/5"}],"wp:featuredmedia":[{"embeddable":true,"href":"https:\/\/medlinecapitalquote.ca\/fr\/wp-json\/wp\/v2\/media\/2161"}],"wp:attachment":[{"href":"https:\/\/medlinecapitalquote.ca\/fr\/wp-json\/wp\/v2\/media?parent=1596"}],"wp:term":[{"taxonomy":"product_cat","embeddable":true,"href":"https:\/\/medlinecapitalquote.ca\/fr\/wp-json\/wp\/v2\/product-categories?post=1596"},{"taxonomy":"product_room","embeddable":true,"href":"https:\/\/medlinecapitalquote.ca\/fr\/wp-json\/wp\/v2\/product-rooms?post=1596"},{"taxonomy":"product_variation","embeddable":true,"href":"https:\/\/medlinecapitalquote.ca\/fr\/wp-json\/wp\/v2\/product-variations?post=1596"},{"taxonomy":"client","embeddable":true,"href":"https:\/\/medlinecapitalquote.ca\/fr\/wp-json\/wp\/v2\/clients?post=1596"}],"curies":[{"name":"wp","href":"https:\/\/api.w.org\/{rel}","templated":true}]}}