{"id":1597,"date":"2025-12-24T09:29:53","date_gmt":"2025-12-24T09:29:53","guid":{"rendered":"https:\/\/medlinecapitalquote.ca\/products\/balance-numerique-pour-nourrissons-a-tres-grand-plateau-seca-374\/"},"modified":"2025-12-31T12:21:35","modified_gmt":"2025-12-31T12:21:35","slug":"balance-numerique-pour-nourrissons-a-tres-grand-plateau-seca-374","status":"publish","type":"product","link":"https:\/\/medlinecapitalquote.ca\/fr\/products\/balance-numerique-pour-nourrissons-a-tres-grand-plateau-seca-374\/","title":{"rendered":"Balance num\u00e9rique pour nourrissons \u00e0 tr\u00e8s grand plateau Seca\u00ae 374"},"content":{"rendered":"<ul>\n<li>Capacit\u00e9 : 44 lb (19 kg)<\/li>\n<li>Tr\u00e8s grand plateau de pesage qui convient aussi aux tout-petits<\/li>\n<li>Forme de coquille pour une s\u00e9curit\u00e9 accrue<\/li>\n<li>\u00c9cran LCD sur\u00e9lev\u00e9 facile \u00e0 lire<\/li>\n<\/ul>\n","protected":false},"excerpt":{"rendered":"<p>Capacit\u00e9 : 44 lb (19 kg) Tr\u00e8s grand plateau de  [&#8230;]<\/p>\n","protected":false},"author":4,"featured_media":133,"template":"","product-categories":[448],"product-rooms":[74],"product-variations":[],"clients":[],"class_list":["post-1597","product","type-product","status-publish","has-post-thumbnail","hentry","product_cat-exam-room-scales-fr","product_room-exam-room-fr"],"acf":[],"_links":{"self":[{"href":"https:\/\/medlinecapitalquote.ca\/fr\/wp-json\/wp\/v2\/products\/1597","targetHints":{"allow":["GET"]}}],"collection":[{"href":"https:\/\/medlinecapitalquote.ca\/fr\/wp-json\/wp\/v2\/products"}],"about":[{"href":"https:\/\/medlinecapitalquote.ca\/fr\/wp-json\/wp\/v2\/types\/product"}],"author":[{"embeddable":true,"href":"https:\/\/medlinecapitalquote.ca\/fr\/wp-json\/wp\/v2\/users\/4"}],"wp:featuredmedia":[{"embeddable":true,"href":"https:\/\/medlinecapitalquote.ca\/fr\/wp-json\/wp\/v2\/media\/133"}],"wp:attachment":[{"href":"https:\/\/medlinecapitalquote.ca\/fr\/wp-json\/wp\/v2\/media?parent=1597"}],"wp:term":[{"taxonomy":"product_cat","embeddable":true,"href":"https:\/\/medlinecapitalquote.ca\/fr\/wp-json\/wp\/v2\/product-categories?post=1597"},{"taxonomy":"product_room","embeddable":true,"href":"https:\/\/medlinecapitalquote.ca\/fr\/wp-json\/wp\/v2\/product-rooms?post=1597"},{"taxonomy":"product_variation","embeddable":true,"href":"https:\/\/medlinecapitalquote.ca\/fr\/wp-json\/wp\/v2\/product-variations?post=1597"},{"taxonomy":"client","embeddable":true,"href":"https:\/\/medlinecapitalquote.ca\/fr\/wp-json\/wp\/v2\/clients?post=1597"}],"curies":[{"name":"wp","href":"https:\/\/api.w.org\/{rel}","templated":true}]}}