{"id":1600,"date":"2025-12-25T21:41:44","date_gmt":"2025-12-25T21:41:44","guid":{"rendered":"https:\/\/medlinecapitalquote.ca\/products\/lampe-de-wood-uv-portative-bovie\/"},"modified":"2026-01-09T12:19:23","modified_gmt":"2026-01-09T12:19:23","slug":"lampe-de-wood-uv-portative-bovie","status":"publish","type":"product","link":"https:\/\/medlinecapitalquote.ca\/fr\/products\/lampe-de-wood-uv-portative-bovie\/","title":{"rendered":"Lampe de Wood UV portative Bovie"},"content":{"rendered":"<ul>\n<li>Portative et l\u00e9g\u00e8re<\/li>\n<li>Peut passer de lampe \u00e0 DEL \u00e0 la lumi\u00e8re noire<\/li>\n<li>Pour suivre l\u2019\u00e9volution des maladies et affections cutan\u00e9es<\/li>\n<li>4 piles AA incluses<\/li>\n<\/ul>\n","protected":false},"excerpt":{"rendered":"<p>Portative et l\u00e9g\u00e8re Peut passer de lampe \u00e0 DEL \u00e0  [&#8230;]<\/p>\n","protected":false},"author":3,"featured_media":2161,"template":"","product-categories":[458],"product-rooms":[74],"product-variations":[],"clients":[],"class_list":["post-1600","product","type-product","status-publish","has-post-thumbnail","hentry","product_cat-other-diagnostic-fr","product_room-exam-room-fr"],"acf":[],"_links":{"self":[{"href":"https:\/\/medlinecapitalquote.ca\/fr\/wp-json\/wp\/v2\/products\/1600","targetHints":{"allow":["GET"]}}],"collection":[{"href":"https:\/\/medlinecapitalquote.ca\/fr\/wp-json\/wp\/v2\/products"}],"about":[{"href":"https:\/\/medlinecapitalquote.ca\/fr\/wp-json\/wp\/v2\/types\/product"}],"author":[{"embeddable":true,"href":"https:\/\/medlinecapitalquote.ca\/fr\/wp-json\/wp\/v2\/users\/3"}],"wp:featuredmedia":[{"embeddable":true,"href":"https:\/\/medlinecapitalquote.ca\/fr\/wp-json\/wp\/v2\/media\/2161"}],"wp:attachment":[{"href":"https:\/\/medlinecapitalquote.ca\/fr\/wp-json\/wp\/v2\/media?parent=1600"}],"wp:term":[{"taxonomy":"product_cat","embeddable":true,"href":"https:\/\/medlinecapitalquote.ca\/fr\/wp-json\/wp\/v2\/product-categories?post=1600"},{"taxonomy":"product_room","embeddable":true,"href":"https:\/\/medlinecapitalquote.ca\/fr\/wp-json\/wp\/v2\/product-rooms?post=1600"},{"taxonomy":"product_variation","embeddable":true,"href":"https:\/\/medlinecapitalquote.ca\/fr\/wp-json\/wp\/v2\/product-variations?post=1600"},{"taxonomy":"client","embeddable":true,"href":"https:\/\/medlinecapitalquote.ca\/fr\/wp-json\/wp\/v2\/clients?post=1600"}],"curies":[{"name":"wp","href":"https:\/\/api.w.org\/{rel}","templated":true}]}}