{"id":1602,"date":"2025-12-24T09:40:58","date_gmt":"2025-12-24T09:40:58","guid":{"rendered":"https:\/\/medlinecapitalquote.ca\/products\/infantometre-toise-de-mesure-seca\/"},"modified":"2025-12-31T12:27:24","modified_gmt":"2025-12-31T12:27:24","slug":"infantometre-toise-de-mesure-seca","status":"publish","type":"product","link":"https:\/\/medlinecapitalquote.ca\/fr\/products\/infantometre-toise-de-mesure-seca\/","title":{"rendered":"Infantom\u00e8tre toise de mesure Seca\u00ae"},"content":{"rendered":"<ul>\n<li>Conception robuste et tr\u00e8s large pour des mesures pr\u00e9cises<\/li>\n<li>La surface de mesure en forme de V assure une position couch\u00e9e ad\u00e9quate<\/li>\n<li>\u00c9chelle de mesure facile \u00e0 lire et imprim\u00e9e sur la face sup\u00e9rieure<\/li>\n<li>Les boutons de verrouillage pour l\u2019appui-pieds emp\u00eachent l&rsquo;enfant de bouger<\/li>\n<\/ul>\n","protected":false},"excerpt":{"rendered":"<p>Conception robuste et tr\u00e8s large pour des mesures pr\u00e9cises La  [&#8230;]<\/p>\n","protected":false},"author":4,"featured_media":136,"template":"","product-categories":[450],"product-rooms":[74],"product-variations":[530,93],"clients":[],"class_list":["post-1602","product","type-product","status-publish","has-post-thumbnail","hentry","product_cat-height-measuring-devices-fr","product_room-exam-room-fr","product_variation-13-po-39-po-33-cm-99-cm","product_variation-dimensions-fr"],"acf":[],"_links":{"self":[{"href":"https:\/\/medlinecapitalquote.ca\/fr\/wp-json\/wp\/v2\/products\/1602","targetHints":{"allow":["GET"]}}],"collection":[{"href":"https:\/\/medlinecapitalquote.ca\/fr\/wp-json\/wp\/v2\/products"}],"about":[{"href":"https:\/\/medlinecapitalquote.ca\/fr\/wp-json\/wp\/v2\/types\/product"}],"author":[{"embeddable":true,"href":"https:\/\/medlinecapitalquote.ca\/fr\/wp-json\/wp\/v2\/users\/4"}],"wp:featuredmedia":[{"embeddable":true,"href":"https:\/\/medlinecapitalquote.ca\/fr\/wp-json\/wp\/v2\/media\/136"}],"wp:attachment":[{"href":"https:\/\/medlinecapitalquote.ca\/fr\/wp-json\/wp\/v2\/media?parent=1602"}],"wp:term":[{"taxonomy":"product_cat","embeddable":true,"href":"https:\/\/medlinecapitalquote.ca\/fr\/wp-json\/wp\/v2\/product-categories?post=1602"},{"taxonomy":"product_room","embeddable":true,"href":"https:\/\/medlinecapitalquote.ca\/fr\/wp-json\/wp\/v2\/product-rooms?post=1602"},{"taxonomy":"product_variation","embeddable":true,"href":"https:\/\/medlinecapitalquote.ca\/fr\/wp-json\/wp\/v2\/product-variations?post=1602"},{"taxonomy":"client","embeddable":true,"href":"https:\/\/medlinecapitalquote.ca\/fr\/wp-json\/wp\/v2\/clients?post=1602"}],"curies":[{"name":"wp","href":"https:\/\/api.w.org\/{rel}","templated":true}]}}