{"id":1605,"date":"2025-12-25T21:47:50","date_gmt":"2025-12-25T21:47:50","guid":{"rendered":"https:\/\/medlinecapitalquote.ca\/products\/necessaire-pour-rechauffeur-de-fluides-ivnow\/"},"modified":"2025-12-31T12:36:01","modified_gmt":"2025-12-31T12:36:01","slug":"necessaire-pour-rechauffeur-de-fluides-ivnow","status":"publish","type":"product","link":"https:\/\/medlinecapitalquote.ca\/fr\/products\/necessaire-pour-rechauffeur-de-fluides-ivnow\/","title":{"rendered":"N\u00e9cessaire pour r\u00e9chauffeur de fluides ivNow\u00ae"},"content":{"rendered":"<ul>\n<li>R\u00e9chauffe automatiquement les fluides \u00e0 40 \u00b0C (104 \u00b0F) en 30 minutes ou moins<\/li>\n<li>S&rsquo;active automatiquement apr\u00e8s la mise en place du sac<\/li>\n<li>Affiche la temp\u00e9rature r\u00e9elle du sac et le temps pass\u00e9 \u00e0 le r\u00e9chauffer<\/li>\n<li>Apr\u00e8s 15 jours de r\u00e9chauffement continu, r\u00e9glable de 7 \u00e0 60 jours, l&rsquo;utilisateur est averti qu&rsquo;il doit retirer le sac et le jeter<\/li>\n<\/ul>\n","protected":false},"excerpt":{"rendered":"<p>R\u00e9chauffe automatiquement les fluides \u00e0 40 \u00b0C (104 \u00b0F) en  [&#8230;]<\/p>\n","protected":false},"author":3,"featured_media":1343,"template":"","product-categories":[252],"product-rooms":[198],"product-variations":[515,516,514,92],"clients":[],"class_list":["post-1605","product","type-product","status-publish","has-post-thumbnail","hentry","product_cat-positioners-and-warming-products-fr","product_room-surgery-centre-operating-room-fr","product_variation-deux-dosettes","product_variation-trois-dosettes","product_variation-une-dosette","product_variation-configuration-fr"],"acf":[],"_links":{"self":[{"href":"https:\/\/medlinecapitalquote.ca\/fr\/wp-json\/wp\/v2\/products\/1605","targetHints":{"allow":["GET"]}}],"collection":[{"href":"https:\/\/medlinecapitalquote.ca\/fr\/wp-json\/wp\/v2\/products"}],"about":[{"href":"https:\/\/medlinecapitalquote.ca\/fr\/wp-json\/wp\/v2\/types\/product"}],"author":[{"embeddable":true,"href":"https:\/\/medlinecapitalquote.ca\/fr\/wp-json\/wp\/v2\/users\/3"}],"wp:featuredmedia":[{"embeddable":true,"href":"https:\/\/medlinecapitalquote.ca\/fr\/wp-json\/wp\/v2\/media\/1343"}],"wp:attachment":[{"href":"https:\/\/medlinecapitalquote.ca\/fr\/wp-json\/wp\/v2\/media?parent=1605"}],"wp:term":[{"taxonomy":"product_cat","embeddable":true,"href":"https:\/\/medlinecapitalquote.ca\/fr\/wp-json\/wp\/v2\/product-categories?post=1605"},{"taxonomy":"product_room","embeddable":true,"href":"https:\/\/medlinecapitalquote.ca\/fr\/wp-json\/wp\/v2\/product-rooms?post=1605"},{"taxonomy":"product_variation","embeddable":true,"href":"https:\/\/medlinecapitalquote.ca\/fr\/wp-json\/wp\/v2\/product-variations?post=1605"},{"taxonomy":"client","embeddable":true,"href":"https:\/\/medlinecapitalquote.ca\/fr\/wp-json\/wp\/v2\/clients?post=1605"}],"curies":[{"name":"wp","href":"https:\/\/api.w.org\/{rel}","templated":true}]}}