{"id":1608,"date":"2025-12-24T09:45:20","date_gmt":"2025-12-24T09:45:20","guid":{"rendered":"https:\/\/medlinecapitalquote.ca\/products\/balance-numerique-a-hauteur-des-yeux-avec-toise-et-fonction-imc-seca-769\/"},"modified":"2025-12-31T12:35:45","modified_gmt":"2025-12-31T12:35:45","slug":"balance-numerique-a-hauteur-des-yeux-avec-toise-et-fonction-imc-seca-769","status":"publish","type":"product","link":"https:\/\/medlinecapitalquote.ca\/fr\/products\/balance-numerique-a-hauteur-des-yeux-avec-toise-et-fonction-imc-seca-769\/","title":{"rendered":"Balance num\u00e9rique \u00e0 hauteur des yeux avec toise et fonction IMC Seca\u00ae 769"},"content":{"rendered":"<ul>\n<li>Capacit\u00e9 : 200 kg (450 lb)<\/li>\n<li>Plateforme de pesage en acier<\/li>\n<li>Balance \u00e0 colonne robuste et compacte<\/li>\n<li>Inclut les fonctions BMI (IMC), TARE et HOLD<\/li>\n<li>Les roues facilitent son d\u00e9placement<\/li>\n<li>Peut \u00eatre aliment\u00e9e par des batteries pour une utilisation mobile ou un adaptateur \u00e9lectrique pour une utilisation fixe<\/li>\n<li>Station de mesure extensible avec toise disponible en option<\/li>\n<\/ul>\n","protected":false},"excerpt":{"rendered":"<p>Capacit\u00e9 : 200 kg (450 lb) Plateforme de pesage en  [&#8230;]<\/p>\n","protected":false},"author":4,"featured_media":139,"template":"","product-categories":[448],"product-rooms":[74],"product-variations":[],"clients":[],"class_list":["post-1608","product","type-product","status-publish","has-post-thumbnail","hentry","product_cat-exam-room-scales-fr","product_room-exam-room-fr"],"acf":[],"_links":{"self":[{"href":"https:\/\/medlinecapitalquote.ca\/fr\/wp-json\/wp\/v2\/products\/1608","targetHints":{"allow":["GET"]}}],"collection":[{"href":"https:\/\/medlinecapitalquote.ca\/fr\/wp-json\/wp\/v2\/products"}],"about":[{"href":"https:\/\/medlinecapitalquote.ca\/fr\/wp-json\/wp\/v2\/types\/product"}],"author":[{"embeddable":true,"href":"https:\/\/medlinecapitalquote.ca\/fr\/wp-json\/wp\/v2\/users\/4"}],"wp:featuredmedia":[{"embeddable":true,"href":"https:\/\/medlinecapitalquote.ca\/fr\/wp-json\/wp\/v2\/media\/139"}],"wp:attachment":[{"href":"https:\/\/medlinecapitalquote.ca\/fr\/wp-json\/wp\/v2\/media?parent=1608"}],"wp:term":[{"taxonomy":"product_cat","embeddable":true,"href":"https:\/\/medlinecapitalquote.ca\/fr\/wp-json\/wp\/v2\/product-categories?post=1608"},{"taxonomy":"product_room","embeddable":true,"href":"https:\/\/medlinecapitalquote.ca\/fr\/wp-json\/wp\/v2\/product-rooms?post=1608"},{"taxonomy":"product_variation","embeddable":true,"href":"https:\/\/medlinecapitalquote.ca\/fr\/wp-json\/wp\/v2\/product-variations?post=1608"},{"taxonomy":"client","embeddable":true,"href":"https:\/\/medlinecapitalquote.ca\/fr\/wp-json\/wp\/v2\/clients?post=1608"}],"curies":[{"name":"wp","href":"https:\/\/api.w.org\/{rel}","templated":true}]}}