{"id":1610,"date":"2025-12-24T09:48:10","date_gmt":"2025-12-24T09:48:10","guid":{"rendered":"https:\/\/medlinecapitalquote.ca\/products\/balance-numerique-avec-ecran-a-hauteur-des-yeux-seca-777\/"},"modified":"2025-12-31T12:41:41","modified_gmt":"2025-12-31T12:41:41","slug":"balance-numerique-avec-ecran-a-hauteur-des-yeux-seca-777","status":"publish","type":"product","link":"https:\/\/medlinecapitalquote.ca\/fr\/products\/balance-numerique-avec-ecran-a-hauteur-des-yeux-seca-777\/","title":{"rendered":"Balance num\u00e9rique  avec \u00e9cran \u00e0 hauteur des yeux Seca\u00ae 777"},"content":{"rendered":"<ul>\n<li>Capacit\u00e9 : 250 kg (550 lb)<\/li>\n<li>Toise int\u00e9gr\u00e9e allant de 10 cm \u00e0 229 cm (4 po-90 po)<\/li>\n<li>Grosses roues recouvertes de caoutchouc<\/li>\n<li>\u00c9cran \u00e0 hauteur des yeux<\/li>\n<li>Interface USB pour les solutions d&rsquo;int\u00e9gration DME ou la connexion \u00e0 un ordinateur personnel<\/li>\n<li>Id\u00e9ale pour les \u00e9tablissements accueillant un grand nombre de patients<\/li>\n<li>Barre de maintien vendue s\u00e9par\u00e9ment<\/li>\n<\/ul>\n","protected":false},"excerpt":{"rendered":"<p>Capacit\u00e9 : 250 kg (550 lb) Toise int\u00e9gr\u00e9e allant de  [&#8230;]<\/p>\n","protected":false},"author":4,"featured_media":143,"template":"","product-categories":[448],"product-rooms":[74],"product-variations":[],"clients":[],"class_list":["post-1610","product","type-product","status-publish","has-post-thumbnail","hentry","product_cat-exam-room-scales-fr","product_room-exam-room-fr"],"acf":[],"_links":{"self":[{"href":"https:\/\/medlinecapitalquote.ca\/fr\/wp-json\/wp\/v2\/products\/1610","targetHints":{"allow":["GET"]}}],"collection":[{"href":"https:\/\/medlinecapitalquote.ca\/fr\/wp-json\/wp\/v2\/products"}],"about":[{"href":"https:\/\/medlinecapitalquote.ca\/fr\/wp-json\/wp\/v2\/types\/product"}],"author":[{"embeddable":true,"href":"https:\/\/medlinecapitalquote.ca\/fr\/wp-json\/wp\/v2\/users\/4"}],"wp:featuredmedia":[{"embeddable":true,"href":"https:\/\/medlinecapitalquote.ca\/fr\/wp-json\/wp\/v2\/media\/143"}],"wp:attachment":[{"href":"https:\/\/medlinecapitalquote.ca\/fr\/wp-json\/wp\/v2\/media?parent=1610"}],"wp:term":[{"taxonomy":"product_cat","embeddable":true,"href":"https:\/\/medlinecapitalquote.ca\/fr\/wp-json\/wp\/v2\/product-categories?post=1610"},{"taxonomy":"product_room","embeddable":true,"href":"https:\/\/medlinecapitalquote.ca\/fr\/wp-json\/wp\/v2\/product-rooms?post=1610"},{"taxonomy":"product_variation","embeddable":true,"href":"https:\/\/medlinecapitalquote.ca\/fr\/wp-json\/wp\/v2\/product-variations?post=1610"},{"taxonomy":"client","embeddable":true,"href":"https:\/\/medlinecapitalquote.ca\/fr\/wp-json\/wp\/v2\/clients?post=1610"}],"curies":[{"name":"wp","href":"https:\/\/api.w.org\/{rel}","templated":true}]}}