{"id":1614,"date":"2025-12-26T08:44:13","date_gmt":"2025-12-26T08:44:13","guid":{"rendered":"https:\/\/medlinecapitalquote.ca\/products\/autoclave-manuel-tuttnauer-m-series\/"},"modified":"2025-12-31T12:54:11","modified_gmt":"2025-12-31T12:54:11","slug":"autoclave-manuel-tuttnauer-m-series","status":"publish","type":"product","link":"https:\/\/medlinecapitalquote.ca\/fr\/products\/autoclave-manuel-tuttnauer-m-series\/","title":{"rendered":"Autoclave manuel Tuttnauer M Series"},"content":{"rendered":"<ul>\n<li>Arr\u00eat automatique \u00e0 la fin des cycles de st\u00e9rilisation et de s\u00e9chage<\/li>\n<li>Chambre et porte en acier inoxydable \u00e9lectropoli de longue dur\u00e9e<\/li>\n<li>Un double dispositif de verrouillage de s\u00e9curit\u00e9 emp\u00eache l&rsquo;ouverture de la porte lorsque la chambre est pressuris\u00e9e<\/li>\n<li>Vanne de vidange situ\u00e9e \u00e0 l&rsquo;avant, permettant une vidange rapide et facile du r\u00e9servoir d&rsquo;eau<\/li>\n<li>Thermostat de s\u00e9curit\u00e9 double pour prot\u00e9ger contre la surchauffe<\/li>\n<\/ul>\n","protected":false},"excerpt":{"rendered":"<p>Arr\u00eat automatique \u00e0 la fin des cycles de st\u00e9rilisation et  [&#8230;]<\/p>\n","protected":false},"author":4,"featured_media":505,"template":"","product-categories":[468],"product-rooms":[198],"product-variations":[532,531,92],"clients":[],"class_list":["post-1614","product","type-product","status-publish","has-post-thumbnail","hentry","product_cat-sterilization-equipment-fr","product_room-surgery-centre-operating-room-fr","product_variation-chambre-de-10-po-x-19-po","product_variation-chambre-de-9-po-x-18-po","product_variation-configuration-fr"],"acf":[],"_links":{"self":[{"href":"https:\/\/medlinecapitalquote.ca\/fr\/wp-json\/wp\/v2\/products\/1614","targetHints":{"allow":["GET"]}}],"collection":[{"href":"https:\/\/medlinecapitalquote.ca\/fr\/wp-json\/wp\/v2\/products"}],"about":[{"href":"https:\/\/medlinecapitalquote.ca\/fr\/wp-json\/wp\/v2\/types\/product"}],"author":[{"embeddable":true,"href":"https:\/\/medlinecapitalquote.ca\/fr\/wp-json\/wp\/v2\/users\/4"}],"wp:featuredmedia":[{"embeddable":true,"href":"https:\/\/medlinecapitalquote.ca\/fr\/wp-json\/wp\/v2\/media\/505"}],"wp:attachment":[{"href":"https:\/\/medlinecapitalquote.ca\/fr\/wp-json\/wp\/v2\/media?parent=1614"}],"wp:term":[{"taxonomy":"product_cat","embeddable":true,"href":"https:\/\/medlinecapitalquote.ca\/fr\/wp-json\/wp\/v2\/product-categories?post=1614"},{"taxonomy":"product_room","embeddable":true,"href":"https:\/\/medlinecapitalquote.ca\/fr\/wp-json\/wp\/v2\/product-rooms?post=1614"},{"taxonomy":"product_variation","embeddable":true,"href":"https:\/\/medlinecapitalquote.ca\/fr\/wp-json\/wp\/v2\/product-variations?post=1614"},{"taxonomy":"client","embeddable":true,"href":"https:\/\/medlinecapitalquote.ca\/fr\/wp-json\/wp\/v2\/clients?post=1614"}],"curies":[{"name":"wp","href":"https:\/\/api.w.org\/{rel}","templated":true}]}}