{"id":1615,"date":"2025-12-26T05:33:07","date_gmt":"2025-12-26T05:33:07","guid":{"rendered":"https:\/\/medlinecapitalquote.ca\/products\/support-mural-en-metal-alliance-pour-boite-de-gants\/"},"modified":"2025-12-31T12:54:13","modified_gmt":"2025-12-31T12:54:13","slug":"support-mural-en-metal-alliance-pour-boite-de-gants","status":"publish","type":"product","link":"https:\/\/medlinecapitalquote.ca\/fr\/products\/support-mural-en-metal-alliance-pour-boite-de-gants\/","title":{"rendered":"Support mural en m\u00e9tal Alliance\u2122 pour bo\u00eete de gants"},"content":{"rendered":"<ul>\n<li>Peut contenir jusqu\u2019\u00e0 3 bo\u00eetes<\/li>\n<li>Construction en fil m\u00e9tallique permettant de visualiser facilement le type et la taille des gants<\/li>\n<\/ul>\n","protected":false},"excerpt":{"rendered":"<p>Peut contenir jusqu\u2019\u00e0 3 bo\u00eetes Construction en fil m\u00e9tallique permettant  [&#8230;]<\/p>\n","protected":false},"author":3,"featured_media":1355,"template":"","product-categories":[432],"product-rooms":[74],"product-variations":[519,520,92],"clients":[],"class_list":["post-1615","product","type-product","status-publish","has-post-thumbnail","hentry","product_cat-dispensers-organizers-and-supports-fr","product_room-exam-room-fr","product_variation-1-ou-2-boites","product_variation-3-boites","product_variation-configuration-fr"],"acf":[],"_links":{"self":[{"href":"https:\/\/medlinecapitalquote.ca\/fr\/wp-json\/wp\/v2\/products\/1615","targetHints":{"allow":["GET"]}}],"collection":[{"href":"https:\/\/medlinecapitalquote.ca\/fr\/wp-json\/wp\/v2\/products"}],"about":[{"href":"https:\/\/medlinecapitalquote.ca\/fr\/wp-json\/wp\/v2\/types\/product"}],"author":[{"embeddable":true,"href":"https:\/\/medlinecapitalquote.ca\/fr\/wp-json\/wp\/v2\/users\/3"}],"wp:featuredmedia":[{"embeddable":true,"href":"https:\/\/medlinecapitalquote.ca\/fr\/wp-json\/wp\/v2\/media\/1355"}],"wp:attachment":[{"href":"https:\/\/medlinecapitalquote.ca\/fr\/wp-json\/wp\/v2\/media?parent=1615"}],"wp:term":[{"taxonomy":"product_cat","embeddable":true,"href":"https:\/\/medlinecapitalquote.ca\/fr\/wp-json\/wp\/v2\/product-categories?post=1615"},{"taxonomy":"product_room","embeddable":true,"href":"https:\/\/medlinecapitalquote.ca\/fr\/wp-json\/wp\/v2\/product-rooms?post=1615"},{"taxonomy":"product_variation","embeddable":true,"href":"https:\/\/medlinecapitalquote.ca\/fr\/wp-json\/wp\/v2\/product-variations?post=1615"},{"taxonomy":"client","embeddable":true,"href":"https:\/\/medlinecapitalquote.ca\/fr\/wp-json\/wp\/v2\/clients?post=1615"}],"curies":[{"name":"wp","href":"https:\/\/api.w.org\/{rel}","templated":true}]}}