{"id":1617,"date":"2025-12-26T08:49:19","date_gmt":"2025-12-26T08:49:19","guid":{"rendered":"https:\/\/medlinecapitalquote.ca\/products\/autoclave-manuel-kwiklave\/"},"modified":"2025-12-31T13:03:22","modified_gmt":"2025-12-31T13:03:22","slug":"autoclave-manuel-kwiklave","status":"publish","type":"product","link":"https:\/\/medlinecapitalquote.ca\/fr\/products\/autoclave-manuel-kwiklave\/","title":{"rendered":"Autoclave manuel Kwiklave\u2122"},"content":{"rendered":"<ul>\n<li>Dimensions de la chambre : 25,4 cm x 47,5 cm (10 po x 19 po)<\/li>\n<li>Contient 4 plateaux et 3 cassettes compl\u00e8tes et 3 demi-cassettes<\/li>\n<li>Un cycle rapide pour des d\u00e9lais plus courts<\/li>\n<li>Arr\u00eat automatique \u00e0 la fin des cycles de st\u00e9rilisation et de s\u00e9chage<\/li>\n<li>Chambre et porte en acier inoxydable \u00e9lectropoli longue dur\u00e9e<\/li>\n<li>Un double dispositif de verrouillage de s\u00e9curit\u00e9 emp\u00eache l&rsquo;ouverture de la porte lorsque la chambre est pressuris\u00e9e<\/li>\n<li>Vanne de vidange situ\u00e9e \u00e0 l&rsquo;avant, permettant une vidange rapide et facile du r\u00e9servoir d&rsquo;eau<\/li>\n<li>Thermostat de s\u00e9curit\u00e9 double pour prot\u00e9ger contre la surchauffe<\/li>\n<\/ul>\n","protected":false},"excerpt":{"rendered":"<p>Dimensions de la chambre : 25,4 cm x 47,5 cm  [&#8230;]<\/p>\n","protected":false},"author":4,"featured_media":508,"template":"","product-categories":[468],"product-rooms":[198],"product-variations":[532,92],"clients":[],"class_list":["post-1617","product","type-product","status-publish","has-post-thumbnail","hentry","product_cat-sterilization-equipment-fr","product_room-surgery-centre-operating-room-fr","product_variation-chambre-de-10-po-x-19-po","product_variation-configuration-fr"],"acf":[],"_links":{"self":[{"href":"https:\/\/medlinecapitalquote.ca\/fr\/wp-json\/wp\/v2\/products\/1617","targetHints":{"allow":["GET"]}}],"collection":[{"href":"https:\/\/medlinecapitalquote.ca\/fr\/wp-json\/wp\/v2\/products"}],"about":[{"href":"https:\/\/medlinecapitalquote.ca\/fr\/wp-json\/wp\/v2\/types\/product"}],"author":[{"embeddable":true,"href":"https:\/\/medlinecapitalquote.ca\/fr\/wp-json\/wp\/v2\/users\/4"}],"wp:featuredmedia":[{"embeddable":true,"href":"https:\/\/medlinecapitalquote.ca\/fr\/wp-json\/wp\/v2\/media\/508"}],"wp:attachment":[{"href":"https:\/\/medlinecapitalquote.ca\/fr\/wp-json\/wp\/v2\/media?parent=1617"}],"wp:term":[{"taxonomy":"product_cat","embeddable":true,"href":"https:\/\/medlinecapitalquote.ca\/fr\/wp-json\/wp\/v2\/product-categories?post=1617"},{"taxonomy":"product_room","embeddable":true,"href":"https:\/\/medlinecapitalquote.ca\/fr\/wp-json\/wp\/v2\/product-rooms?post=1617"},{"taxonomy":"product_variation","embeddable":true,"href":"https:\/\/medlinecapitalquote.ca\/fr\/wp-json\/wp\/v2\/product-variations?post=1617"},{"taxonomy":"client","embeddable":true,"href":"https:\/\/medlinecapitalquote.ca\/fr\/wp-json\/wp\/v2\/clients?post=1617"}],"curies":[{"name":"wp","href":"https:\/\/api.w.org\/{rel}","templated":true}]}}