{"id":1622,"date":"2025-12-29T09:16:16","date_gmt":"2025-12-29T09:16:16","guid":{"rendered":"https:\/\/medlinecapitalquote.ca\/products\/pompe-a-perfusion-seringue-sans-fil-smiths-medfusion-4000\/"},"modified":"2026-01-07T15:43:25","modified_gmt":"2026-01-07T15:43:25","slug":"pompe-a-perfusion-seringue-sans-fil-smiths-medfusion-4000","status":"publish","type":"product","link":"https:\/\/medlinecapitalquote.ca\/fr\/products\/pompe-a-perfusion-seringue-sans-fil-smiths-medfusion-4000\/","title":{"rendered":"Pompe \u00e0 perfusion seringue sans fil Smiths Medfusion\u00ae 4000"},"content":{"rendered":"<ul>\n<li>Pr\u00e9cision de l\u2019administration : nominale de +\/-2 % avec un d\u00e9bit de perfusion de 0,01 mL\/h \u00e0 1 130 mL\/h<\/li>\n<li>Administration horizontale de la seringue pour garantir une administration pr\u00e9cise et exacte avec un chargement manuel contr\u00f4l\u00e9 par l&rsquo;infirmi\u00e8re<\/li>\n<li>Accepte les seringues de 1 mL \u00e0 60 mL<\/li>\n<li>Id\u00e9ale pour les patients p\u00e9diatriques fragiles et vuln\u00e9rables qui peuvent seulement accepter des volumes de liquide minuscules<\/li>\n<\/ul>\n","protected":false},"excerpt":{"rendered":"<p>Pr\u00e9cision de l\u2019administration : nominale de +\/-2 % avec un  [&#8230;]<\/p>\n","protected":false},"author":5,"featured_media":1162,"template":"","product-categories":[452],"product-rooms":[198],"product-variations":[],"clients":[],"class_list":["post-1622","product","type-product","status-publish","has-post-thumbnail","hentry","product_cat-iv-pumps-and-fluid-warmers-fr","product_room-surgery-centre-operating-room-fr"],"acf":[],"_links":{"self":[{"href":"https:\/\/medlinecapitalquote.ca\/fr\/wp-json\/wp\/v2\/products\/1622","targetHints":{"allow":["GET"]}}],"collection":[{"href":"https:\/\/medlinecapitalquote.ca\/fr\/wp-json\/wp\/v2\/products"}],"about":[{"href":"https:\/\/medlinecapitalquote.ca\/fr\/wp-json\/wp\/v2\/types\/product"}],"author":[{"embeddable":true,"href":"https:\/\/medlinecapitalquote.ca\/fr\/wp-json\/wp\/v2\/users\/5"}],"wp:featuredmedia":[{"embeddable":true,"href":"https:\/\/medlinecapitalquote.ca\/fr\/wp-json\/wp\/v2\/media\/1162"}],"wp:attachment":[{"href":"https:\/\/medlinecapitalquote.ca\/fr\/wp-json\/wp\/v2\/media?parent=1622"}],"wp:term":[{"taxonomy":"product_cat","embeddable":true,"href":"https:\/\/medlinecapitalquote.ca\/fr\/wp-json\/wp\/v2\/product-categories?post=1622"},{"taxonomy":"product_room","embeddable":true,"href":"https:\/\/medlinecapitalquote.ca\/fr\/wp-json\/wp\/v2\/product-rooms?post=1622"},{"taxonomy":"product_variation","embeddable":true,"href":"https:\/\/medlinecapitalquote.ca\/fr\/wp-json\/wp\/v2\/product-variations?post=1622"},{"taxonomy":"client","embeddable":true,"href":"https:\/\/medlinecapitalquote.ca\/fr\/wp-json\/wp\/v2\/clients?post=1622"}],"curies":[{"name":"wp","href":"https:\/\/api.w.org\/{rel}","templated":true}]}}