{"id":1629,"date":"2025-12-26T05:56:31","date_gmt":"2025-12-26T05:56:31","guid":{"rendered":"https:\/\/medlinecapitalquote.ca\/products\/necessaire-durgence-pour-chariot-de-reanimation\/"},"modified":"2025-12-31T13:19:47","modified_gmt":"2025-12-31T13:19:47","slug":"necessaire-durgence-pour-chariot-de-reanimation","status":"publish","type":"product","link":"https:\/\/medlinecapitalquote.ca\/fr\/products\/necessaire-durgence-pour-chariot-de-reanimation\/","title":{"rendered":"N\u00e9cessaire d\u2019urgence pour chariot de r\u00e9animation"},"content":{"rendered":"<ul>\n<li>Comprend : Bouteille d\u2019oxyg\u00e8ne de taille E, r\u00e9gulateur \u00e0 oxyg\u00e8ne 0-15 LPM, cl\u00e9, masque \u00e0 haute concentration adulte et enfant avec tubulure, canule nasale adulte et enfant, masque de r\u00e9animation avec valve pour adultes, ensemble de canules trach\u00e9ales de 40-120 mm, paire de gants <\/li>\n<\/ul>\n","protected":false},"excerpt":{"rendered":"<p>Comprend : Bouteille d\u2019oxyg\u00e8ne de taille E, r\u00e9gulateur \u00e0 oxyg\u00e8ne  [&#8230;]<\/p>\n","protected":false},"author":3,"featured_media":1361,"template":"","product-categories":[460],"product-rooms":[74],"product-variations":[521,92],"clients":[],"class_list":["post-1629","product","type-product","status-publish","has-post-thumbnail","hentry","product_cat-oxygen-fr","product_room-exam-room-fr","product_variation-avec-reservoir-vide","product_variation-configuration-fr"],"acf":[],"_links":{"self":[{"href":"https:\/\/medlinecapitalquote.ca\/fr\/wp-json\/wp\/v2\/products\/1629","targetHints":{"allow":["GET"]}}],"collection":[{"href":"https:\/\/medlinecapitalquote.ca\/fr\/wp-json\/wp\/v2\/products"}],"about":[{"href":"https:\/\/medlinecapitalquote.ca\/fr\/wp-json\/wp\/v2\/types\/product"}],"author":[{"embeddable":true,"href":"https:\/\/medlinecapitalquote.ca\/fr\/wp-json\/wp\/v2\/users\/3"}],"wp:featuredmedia":[{"embeddable":true,"href":"https:\/\/medlinecapitalquote.ca\/fr\/wp-json\/wp\/v2\/media\/1361"}],"wp:attachment":[{"href":"https:\/\/medlinecapitalquote.ca\/fr\/wp-json\/wp\/v2\/media?parent=1629"}],"wp:term":[{"taxonomy":"product_cat","embeddable":true,"href":"https:\/\/medlinecapitalquote.ca\/fr\/wp-json\/wp\/v2\/product-categories?post=1629"},{"taxonomy":"product_room","embeddable":true,"href":"https:\/\/medlinecapitalquote.ca\/fr\/wp-json\/wp\/v2\/product-rooms?post=1629"},{"taxonomy":"product_variation","embeddable":true,"href":"https:\/\/medlinecapitalquote.ca\/fr\/wp-json\/wp\/v2\/product-variations?post=1629"},{"taxonomy":"client","embeddable":true,"href":"https:\/\/medlinecapitalquote.ca\/fr\/wp-json\/wp\/v2\/clients?post=1629"}],"curies":[{"name":"wp","href":"https:\/\/api.w.org\/{rel}","templated":true}]}}