{"id":1632,"date":"2025-12-29T09:18:28","date_gmt":"2025-12-29T09:18:28","guid":{"rendered":"https:\/\/medlinecapitalquote.ca\/products\/tabouret-pneumatique-a-hauteur-reglable-brewer-avec-siege-rembourre-en-vinyle\/"},"modified":"2026-01-07T15:43:21","modified_gmt":"2026-01-07T15:43:21","slug":"tabouret-pneumatique-a-hauteur-reglable-brewer-avec-siege-rembourre-en-vinyle","status":"publish","type":"product","link":"https:\/\/medlinecapitalquote.ca\/fr\/products\/tabouret-pneumatique-a-hauteur-reglable-brewer-avec-siege-rembourre-en-vinyle\/","title":{"rendered":"Tabouret pneumatique \u00e0 hauteur r\u00e9glable Brewer avec si\u00e8ge rembourr\u00e9 en vinyle"},"content":{"rendered":"<ul>\n<li>Capacit\u00e9 : 113 kg (250 lb)<\/li>\n<li>Socle \u00e0 5 pattes pour un meilleur soutien<\/li>\n<li>Coussin de si\u00e8ge en poly-mousse de 10,2 cm (4 po) pour un maximum de confort<\/li>\n<li>Coussin de si\u00e8ge d\u2019une largeur de 38,1 cm (15 po)<\/li>\n<li>Sans dossier <\/li>\n<li>Autres couleurs disponibles  <\/li>\n<\/ul>\n","protected":false},"excerpt":{"rendered":"<p>Capacit\u00e9 : 113 kg (250 lb) Socle \u00e0 5 pattes  [&#8230;]<\/p>\n","protected":false},"author":5,"featured_media":1165,"template":"","product-categories":[470],"product-rooms":[74],"product-variations":[95,525],"clients":[],"class_list":["post-1632","product","type-product","status-publish","has-post-thumbnail","hentry","product_cat-stools-fr","product_room-exam-room-fr","product_variation-colour-fr","product_variation-noir"],"acf":[],"_links":{"self":[{"href":"https:\/\/medlinecapitalquote.ca\/fr\/wp-json\/wp\/v2\/products\/1632","targetHints":{"allow":["GET"]}}],"collection":[{"href":"https:\/\/medlinecapitalquote.ca\/fr\/wp-json\/wp\/v2\/products"}],"about":[{"href":"https:\/\/medlinecapitalquote.ca\/fr\/wp-json\/wp\/v2\/types\/product"}],"author":[{"embeddable":true,"href":"https:\/\/medlinecapitalquote.ca\/fr\/wp-json\/wp\/v2\/users\/5"}],"wp:featuredmedia":[{"embeddable":true,"href":"https:\/\/medlinecapitalquote.ca\/fr\/wp-json\/wp\/v2\/media\/1165"}],"wp:attachment":[{"href":"https:\/\/medlinecapitalquote.ca\/fr\/wp-json\/wp\/v2\/media?parent=1632"}],"wp:term":[{"taxonomy":"product_cat","embeddable":true,"href":"https:\/\/medlinecapitalquote.ca\/fr\/wp-json\/wp\/v2\/product-categories?post=1632"},{"taxonomy":"product_room","embeddable":true,"href":"https:\/\/medlinecapitalquote.ca\/fr\/wp-json\/wp\/v2\/product-rooms?post=1632"},{"taxonomy":"product_variation","embeddable":true,"href":"https:\/\/medlinecapitalquote.ca\/fr\/wp-json\/wp\/v2\/product-variations?post=1632"},{"taxonomy":"client","embeddable":true,"href":"https:\/\/medlinecapitalquote.ca\/fr\/wp-json\/wp\/v2\/clients?post=1632"}],"curies":[{"name":"wp","href":"https:\/\/api.w.org\/{rel}","templated":true}]}}