{"id":1637,"date":"2025-12-26T10:16:31","date_gmt":"2025-12-26T10:16:31","guid":{"rendered":"https:\/\/medlinecapitalquote.ca\/products\/autoclave-mobile-a-capacite-moyenne-tuttnauer\/"},"modified":"2026-01-09T12:07:36","modified_gmt":"2026-01-09T12:07:36","slug":"autoclave-mobile-a-capacite-moyenne-tuttnauer","status":"publish","type":"product","link":"https:\/\/medlinecapitalquote.ca\/fr\/products\/autoclave-mobile-a-capacite-moyenne-tuttnauer\/","title":{"rendered":"Autoclave mobile \u00e0 capacit\u00e9 moyenne Tuttnauer"},"content":{"rendered":"<ul>\n<li>Le s\u00e9chage en porte ferm\u00e9e, qui permet de gagner du temps, pr\u00e9serve la st\u00e9rilit\u00e9 et assure un s\u00e9chage efficace des paquets et des sachets<\/li>\n<li>Cycles rapides pour des d\u00e9lais plus courts<\/li>\n<li>Filtre HEPA de 0,2\u00b5<\/li>\n<li>Trois programmes de st\u00e9rilisation pr\u00e9d\u00e9finis<\/li>\n<li>Contr\u00f4le de la temp\u00e9rature et de la pression, d\u00e9tecteur de manque d&rsquo;eau et arr\u00eat automatique<\/li>\n<li>Protection contre les pannes de courant<\/li>\n<\/ul>\n","protected":false},"excerpt":{"rendered":"<p>Le s\u00e9chage en porte ferm\u00e9e, qui permet de gagner du  [&#8230;]<\/p>\n","protected":false},"author":4,"featured_media":2161,"template":"","product-categories":[468],"product-rooms":[198],"product-variations":[897,92],"clients":[],"class_list":["post-1637","product","type-product","status-publish","has-post-thumbnail","hentry","product_cat-sterilization-equipment-fr","product_room-surgery-centre-operating-room-fr","product_variation-avec-ports-usb-et-ethernet","product_variation-configuration-fr"],"acf":[],"_links":{"self":[{"href":"https:\/\/medlinecapitalquote.ca\/fr\/wp-json\/wp\/v2\/products\/1637","targetHints":{"allow":["GET"]}}],"collection":[{"href":"https:\/\/medlinecapitalquote.ca\/fr\/wp-json\/wp\/v2\/products"}],"about":[{"href":"https:\/\/medlinecapitalquote.ca\/fr\/wp-json\/wp\/v2\/types\/product"}],"author":[{"embeddable":true,"href":"https:\/\/medlinecapitalquote.ca\/fr\/wp-json\/wp\/v2\/users\/4"}],"wp:featuredmedia":[{"embeddable":true,"href":"https:\/\/medlinecapitalquote.ca\/fr\/wp-json\/wp\/v2\/media\/2161"}],"wp:attachment":[{"href":"https:\/\/medlinecapitalquote.ca\/fr\/wp-json\/wp\/v2\/media?parent=1637"}],"wp:term":[{"taxonomy":"product_cat","embeddable":true,"href":"https:\/\/medlinecapitalquote.ca\/fr\/wp-json\/wp\/v2\/product-categories?post=1637"},{"taxonomy":"product_room","embeddable":true,"href":"https:\/\/medlinecapitalquote.ca\/fr\/wp-json\/wp\/v2\/product-rooms?post=1637"},{"taxonomy":"product_variation","embeddable":true,"href":"https:\/\/medlinecapitalquote.ca\/fr\/wp-json\/wp\/v2\/product-variations?post=1637"},{"taxonomy":"client","embeddable":true,"href":"https:\/\/medlinecapitalquote.ca\/fr\/wp-json\/wp\/v2\/clients?post=1637"}],"curies":[{"name":"wp","href":"https:\/\/api.w.org\/{rel}","templated":true}]}}