{"id":1650,"date":"2025-12-26T10:55:40","date_gmt":"2025-12-26T10:55:40","guid":{"rendered":"https:\/\/medlinecapitalquote.ca\/products\/plateau-pour-pochettes-a-instrument-pour-autoclave-tuttnauer\/"},"modified":"2025-12-31T14:16:04","modified_gmt":"2025-12-31T14:16:04","slug":"plateau-pour-pochettes-a-instrument-pour-autoclave-tuttnauer","status":"publish","type":"product","link":"https:\/\/medlinecapitalquote.ca\/fr\/products\/plateau-pour-pochettes-a-instrument-pour-autoclave-tuttnauer\/","title":{"rendered":"Plateau pour pochettes \u00e0 instrument pour autoclave Tuttnauer"},"content":{"rendered":"<ul>\n<li>Acier inoxydable<\/li>\n<li>Con\u00e7u pour faciliter le chargement et le d\u00e9chargement des instruments en sac<\/li>\n<li>Destin\u00e9 \u00e0 faciliter la st\u00e9rilisation et le s\u00e9chage appropri\u00e9s<\/li>\n<\/ul>\n","protected":false},"excerpt":{"rendered":"<p>Acier inoxydable Con\u00e7u pour faciliter le chargement et le d\u00e9chargement  [&#8230;]<\/p>\n","protected":false},"author":4,"featured_media":528,"template":"","product-categories":[468],"product-rooms":[198],"product-variations":[],"clients":[],"class_list":["post-1650","product","type-product","status-publish","has-post-thumbnail","hentry","product_cat-sterilization-equipment-fr","product_room-surgery-centre-operating-room-fr"],"acf":[],"_links":{"self":[{"href":"https:\/\/medlinecapitalquote.ca\/fr\/wp-json\/wp\/v2\/products\/1650","targetHints":{"allow":["GET"]}}],"collection":[{"href":"https:\/\/medlinecapitalquote.ca\/fr\/wp-json\/wp\/v2\/products"}],"about":[{"href":"https:\/\/medlinecapitalquote.ca\/fr\/wp-json\/wp\/v2\/types\/product"}],"author":[{"embeddable":true,"href":"https:\/\/medlinecapitalquote.ca\/fr\/wp-json\/wp\/v2\/users\/4"}],"wp:featuredmedia":[{"embeddable":true,"href":"https:\/\/medlinecapitalquote.ca\/fr\/wp-json\/wp\/v2\/media\/528"}],"wp:attachment":[{"href":"https:\/\/medlinecapitalquote.ca\/fr\/wp-json\/wp\/v2\/media?parent=1650"}],"wp:term":[{"taxonomy":"product_cat","embeddable":true,"href":"https:\/\/medlinecapitalquote.ca\/fr\/wp-json\/wp\/v2\/product-categories?post=1650"},{"taxonomy":"product_room","embeddable":true,"href":"https:\/\/medlinecapitalquote.ca\/fr\/wp-json\/wp\/v2\/product-rooms?post=1650"},{"taxonomy":"product_variation","embeddable":true,"href":"https:\/\/medlinecapitalquote.ca\/fr\/wp-json\/wp\/v2\/product-variations?post=1650"},{"taxonomy":"client","embeddable":true,"href":"https:\/\/medlinecapitalquote.ca\/fr\/wp-json\/wp\/v2\/clients?post=1650"}],"curies":[{"name":"wp","href":"https:\/\/api.w.org\/{rel}","templated":true}]}}