{"id":1651,"date":"2025-12-29T09:37:15","date_gmt":"2025-12-29T09:37:15","guid":{"rendered":"https:\/\/medlinecapitalquote.ca\/products\/chariot-utilitaire-en-acier-inoxydable-brewer-avec-3-tablettes\/"},"modified":"2026-01-07T15:37:41","modified_gmt":"2026-01-07T15:37:41","slug":"chariot-utilitaire-en-acier-inoxydable-brewer-avec-3-tablettes","status":"publish","type":"product","link":"https:\/\/medlinecapitalquote.ca\/fr\/products\/chariot-utilitaire-en-acier-inoxydable-brewer-avec-3-tablettes\/","title":{"rendered":"Chariot utilitaire en acier inoxydable Brewer avec 3 tablettes"},"content":{"rendered":"<ul>\n<li>Construction en acier inoxydable r\u00e9sistant \u00e0 la corrosion<\/li>\n<li>Dimensions : 39,3 x 60,9 cm (15,5 x 21 po)<\/li>\n<li>30,4 cm (12 po) entre les tablettes<\/li>\n<li>Capacit\u00e9 : 300 lb (136 kg)<\/li>\n<li>Se d\u00e9place sans bruit gr\u00e2ce \u00e0 ses roulettes en caoutchouc de 8,8 cm (3,5 po) <\/li>\n<\/ul>\n","protected":false},"excerpt":{"rendered":"<p>Construction en acier inoxydable r\u00e9sistant \u00e0 la corrosion Dimensions :  [&#8230;]<\/p>\n","protected":false},"author":5,"featured_media":1179,"template":"","product-categories":[437],"product-rooms":[198,74],"product-variations":[],"clients":[],"class_list":["post-1651","product","type-product","status-publish","has-post-thumbnail","hentry","product_cat-carts-fr","product_room-surgery-centre-operating-room-fr","product_room-exam-room-fr"],"acf":[],"_links":{"self":[{"href":"https:\/\/medlinecapitalquote.ca\/fr\/wp-json\/wp\/v2\/products\/1651","targetHints":{"allow":["GET"]}}],"collection":[{"href":"https:\/\/medlinecapitalquote.ca\/fr\/wp-json\/wp\/v2\/products"}],"about":[{"href":"https:\/\/medlinecapitalquote.ca\/fr\/wp-json\/wp\/v2\/types\/product"}],"author":[{"embeddable":true,"href":"https:\/\/medlinecapitalquote.ca\/fr\/wp-json\/wp\/v2\/users\/5"}],"wp:featuredmedia":[{"embeddable":true,"href":"https:\/\/medlinecapitalquote.ca\/fr\/wp-json\/wp\/v2\/media\/1179"}],"wp:attachment":[{"href":"https:\/\/medlinecapitalquote.ca\/fr\/wp-json\/wp\/v2\/media?parent=1651"}],"wp:term":[{"taxonomy":"product_cat","embeddable":true,"href":"https:\/\/medlinecapitalquote.ca\/fr\/wp-json\/wp\/v2\/product-categories?post=1651"},{"taxonomy":"product_room","embeddable":true,"href":"https:\/\/medlinecapitalquote.ca\/fr\/wp-json\/wp\/v2\/product-rooms?post=1651"},{"taxonomy":"product_variation","embeddable":true,"href":"https:\/\/medlinecapitalquote.ca\/fr\/wp-json\/wp\/v2\/product-variations?post=1651"},{"taxonomy":"client","embeddable":true,"href":"https:\/\/medlinecapitalquote.ca\/fr\/wp-json\/wp\/v2\/clients?post=1651"}],"curies":[{"name":"wp","href":"https:\/\/api.w.org\/{rel}","templated":true}]}}