{"id":1654,"date":"2025-12-26T10:59:50","date_gmt":"2025-12-26T10:59:50","guid":{"rendered":"https:\/\/medlinecapitalquote.ca\/products\/autoclave-tuttnauer-kwiklave-ez10k\/"},"modified":"2025-12-31T14:20:56","modified_gmt":"2025-12-31T14:20:56","slug":"autoclave-tuttnauer-kwiklave-ez10k","status":"publish","type":"product","link":"https:\/\/medlinecapitalquote.ca\/fr\/products\/autoclave-tuttnauer-kwiklave-ez10k\/","title":{"rendered":"Autoclave Tuttnauer Kwiklave EZ10K"},"content":{"rendered":"<ul>\n<li>Le s\u00e9chage en porte ferm\u00e9e, qui permet de gagner du temps, pr\u00e9serve la st\u00e9rilit\u00e9 et assure un s\u00e9chage efficace des paquets et des sachets<\/li>\n<li>Pompe \u00e0 air \u00e0 haut rendement con\u00e7ue pour faire circuler l&rsquo;air dans toute la chambre pendant le cycle de s\u00e9chage<\/li>\n<li>Panneau de contr\u00f4le facile \u00e0 lire avec s\u00e9lection des programmes, affichage num\u00e9rique d\u00e9taill\u00e9, touches programmables et indicateurs de syst\u00e8me<\/li>\n<li>Cycles pr\u00e9charg\u00e9s pour les instruments non emball\u00e9s, les paquets emball\u00e9s, la verrerie et les cycles de s\u00e9chage suppl\u00e9mentaires<\/li>\n<li>Le st\u00e9rilisateur \u00e0 cycle rapide offre les caract\u00e9ristiques \u00e9prouv\u00e9es et fiables des autoclaves automatiques de Tuttnauer avec l&rsquo;avantage suppl\u00e9mentaire d&rsquo;un temps de chauffe r\u00e9duit<\/li>\n<\/ul>\n","protected":false},"excerpt":{"rendered":"<p>Le s\u00e9chage en porte ferm\u00e9e, qui permet de gagner du  [&#8230;]<\/p>\n","protected":false},"author":4,"featured_media":533,"template":"","product-categories":[468],"product-rooms":[198],"product-variations":[891,92],"clients":[],"class_list":["post-1654","product","type-product","status-publish","has-post-thumbnail","hentry","product_cat-sterilization-equipment-fr","product_room-surgery-centre-operating-room-fr","product_variation-avec-imprimante","product_variation-configuration-fr"],"acf":[],"_links":{"self":[{"href":"https:\/\/medlinecapitalquote.ca\/fr\/wp-json\/wp\/v2\/products\/1654","targetHints":{"allow":["GET"]}}],"collection":[{"href":"https:\/\/medlinecapitalquote.ca\/fr\/wp-json\/wp\/v2\/products"}],"about":[{"href":"https:\/\/medlinecapitalquote.ca\/fr\/wp-json\/wp\/v2\/types\/product"}],"author":[{"embeddable":true,"href":"https:\/\/medlinecapitalquote.ca\/fr\/wp-json\/wp\/v2\/users\/4"}],"wp:featuredmedia":[{"embeddable":true,"href":"https:\/\/medlinecapitalquote.ca\/fr\/wp-json\/wp\/v2\/media\/533"}],"wp:attachment":[{"href":"https:\/\/medlinecapitalquote.ca\/fr\/wp-json\/wp\/v2\/media?parent=1654"}],"wp:term":[{"taxonomy":"product_cat","embeddable":true,"href":"https:\/\/medlinecapitalquote.ca\/fr\/wp-json\/wp\/v2\/product-categories?post=1654"},{"taxonomy":"product_room","embeddable":true,"href":"https:\/\/medlinecapitalquote.ca\/fr\/wp-json\/wp\/v2\/product-rooms?post=1654"},{"taxonomy":"product_variation","embeddable":true,"href":"https:\/\/medlinecapitalquote.ca\/fr\/wp-json\/wp\/v2\/product-variations?post=1654"},{"taxonomy":"client","embeddable":true,"href":"https:\/\/medlinecapitalquote.ca\/fr\/wp-json\/wp\/v2\/clients?post=1654"}],"curies":[{"name":"wp","href":"https:\/\/api.w.org\/{rel}","templated":true}]}}