{"id":1658,"date":"2025-12-26T11:03:08","date_gmt":"2025-12-26T11:03:08","guid":{"rendered":"https:\/\/medlinecapitalquote.ca\/products\/autoclave-entierement-automatique-tuttnauer-ez10\/"},"modified":"2025-12-31T14:25:14","modified_gmt":"2025-12-31T14:25:14","slug":"autoclave-entierement-automatique-tuttnauer-ez10","status":"publish","type":"product","link":"https:\/\/medlinecapitalquote.ca\/fr\/products\/autoclave-entierement-automatique-tuttnauer-ez10\/","title":{"rendered":"Autoclave enti\u00e8rement automatique Tuttnauer EZ10"},"content":{"rendered":"<ul>\n<li>Le s\u00e9chage par portes ferm\u00e9es maintient la st\u00e9rilit\u00e9 et garantit que les sachets et les paquets sont secs<\/li>\n<li>Une pompe \u00e0 air \u00e0 haut rendement fait circuler l&rsquo;air pendant le cycle de s\u00e9chage<\/li>\n<li>Panneau de contr\u00f4le facile \u00e0 lire<\/li>\n<li>Cycles pr\u00e9charg\u00e9s pour les instruments non emball\u00e9s, emball\u00e9s\/conditionn\u00e9s, la verrerie, et cycles de s\u00e9chage suppl\u00e9mentaires<\/li>\n<\/ul>\n","protected":false},"excerpt":{"rendered":"<p>Le s\u00e9chage par portes ferm\u00e9es maintient la st\u00e9rilit\u00e9 et garantit  [&#8230;]<\/p>\n","protected":false},"author":4,"featured_media":539,"template":"","product-categories":[468],"product-rooms":[198],"product-variations":[891,92],"clients":[],"class_list":["post-1658","product","type-product","status-publish","has-post-thumbnail","hentry","product_cat-sterilization-equipment-fr","product_room-surgery-centre-operating-room-fr","product_variation-avec-imprimante","product_variation-configuration-fr"],"acf":[],"_links":{"self":[{"href":"https:\/\/medlinecapitalquote.ca\/fr\/wp-json\/wp\/v2\/products\/1658","targetHints":{"allow":["GET"]}}],"collection":[{"href":"https:\/\/medlinecapitalquote.ca\/fr\/wp-json\/wp\/v2\/products"}],"about":[{"href":"https:\/\/medlinecapitalquote.ca\/fr\/wp-json\/wp\/v2\/types\/product"}],"author":[{"embeddable":true,"href":"https:\/\/medlinecapitalquote.ca\/fr\/wp-json\/wp\/v2\/users\/4"}],"wp:featuredmedia":[{"embeddable":true,"href":"https:\/\/medlinecapitalquote.ca\/fr\/wp-json\/wp\/v2\/media\/539"}],"wp:attachment":[{"href":"https:\/\/medlinecapitalquote.ca\/fr\/wp-json\/wp\/v2\/media?parent=1658"}],"wp:term":[{"taxonomy":"product_cat","embeddable":true,"href":"https:\/\/medlinecapitalquote.ca\/fr\/wp-json\/wp\/v2\/product-categories?post=1658"},{"taxonomy":"product_room","embeddable":true,"href":"https:\/\/medlinecapitalquote.ca\/fr\/wp-json\/wp\/v2\/product-rooms?post=1658"},{"taxonomy":"product_variation","embeddable":true,"href":"https:\/\/medlinecapitalquote.ca\/fr\/wp-json\/wp\/v2\/product-variations?post=1658"},{"taxonomy":"client","embeddable":true,"href":"https:\/\/medlinecapitalquote.ca\/fr\/wp-json\/wp\/v2\/clients?post=1658"}],"curies":[{"name":"wp","href":"https:\/\/api.w.org\/{rel}","templated":true}]}}