{"id":1664,"date":"2025-12-26T11:24:33","date_gmt":"2025-12-26T11:24:33","guid":{"rendered":"https:\/\/medlinecapitalquote.ca\/products\/table-a-instruments-avec-support-en-h\/"},"modified":"2026-01-02T13:22:01","modified_gmt":"2026-01-02T13:22:01","slug":"table-a-instruments-avec-support-en-h","status":"publish","type":"product","link":"https:\/\/medlinecapitalquote.ca\/fr\/products\/table-a-instruments-avec-support-en-h\/","title":{"rendered":"Table \u00e0 instruments avec support en H"},"content":{"rendered":"<ul>\n<li>Acier inoxydable<\/li>\n<li>L\u00e9g\u00e8re et solide gr\u00e2ce \u00e0 son support en H<\/li>\n<li>Canaux de renforcement insonoris\u00e9s pour une utilisation silencieuse<\/li>\n<li>Roulettes de 3 po en caoutchouc \u00e0 double roulement \u00e0 billes pour des d\u00e9placements silencieux<\/li>\n<li>Construction STERIL-GARD \u00e9liminant les zones o\u00f9 les substances ind\u00e9sirables peuvent s\u2019accumuler<\/li>\n<li>STERIL-GARD est un concept et un processus de fabrication de produits visant \u00e0 r\u00e9duire au minimum ou \u00e0 \u00e9liminer les zones o\u00f9 la salet\u00e9, les liquides et les d\u00e9bris peuvent s\u2019accumuler<\/li>\n<\/ul>\n","protected":false},"excerpt":{"rendered":"<p>Acier inoxydable L\u00e9g\u00e8re et solide gr\u00e2ce \u00e0 son support en  [&#8230;]<\/p>\n","protected":false},"author":4,"featured_media":546,"template":"","product-categories":[455],"product-rooms":[198,74],"product-variations":[902,901,903,93],"clients":[],"class_list":["post-1664","product","type-product","status-publish","has-post-thumbnail","hentry","product_cat-mayo-and-instrument-tables-fr","product_room-surgery-centre-operating-room-fr","product_room-exam-room-fr","product_variation-16-x-30-x-34-po-41-x-76-x-86-cm-avec-tablettes","product_variation-20-x-16-x-34-po-51-x-41-x-86-cm-avec-tablettes","product_variation-48-x-24-x-34-po-122-x-61-x-86-cm-sans-tablettes","product_variation-dimensions-fr"],"acf":[],"_links":{"self":[{"href":"https:\/\/medlinecapitalquote.ca\/fr\/wp-json\/wp\/v2\/products\/1664","targetHints":{"allow":["GET"]}}],"collection":[{"href":"https:\/\/medlinecapitalquote.ca\/fr\/wp-json\/wp\/v2\/products"}],"about":[{"href":"https:\/\/medlinecapitalquote.ca\/fr\/wp-json\/wp\/v2\/types\/product"}],"author":[{"embeddable":true,"href":"https:\/\/medlinecapitalquote.ca\/fr\/wp-json\/wp\/v2\/users\/4"}],"wp:featuredmedia":[{"embeddable":true,"href":"https:\/\/medlinecapitalquote.ca\/fr\/wp-json\/wp\/v2\/media\/546"}],"wp:attachment":[{"href":"https:\/\/medlinecapitalquote.ca\/fr\/wp-json\/wp\/v2\/media?parent=1664"}],"wp:term":[{"taxonomy":"product_cat","embeddable":true,"href":"https:\/\/medlinecapitalquote.ca\/fr\/wp-json\/wp\/v2\/product-categories?post=1664"},{"taxonomy":"product_room","embeddable":true,"href":"https:\/\/medlinecapitalquote.ca\/fr\/wp-json\/wp\/v2\/product-rooms?post=1664"},{"taxonomy":"product_variation","embeddable":true,"href":"https:\/\/medlinecapitalquote.ca\/fr\/wp-json\/wp\/v2\/product-variations?post=1664"},{"taxonomy":"client","embeddable":true,"href":"https:\/\/medlinecapitalquote.ca\/fr\/wp-json\/wp\/v2\/clients?post=1664"}],"curies":[{"name":"wp","href":"https:\/\/api.w.org\/{rel}","templated":true}]}}