{"id":1669,"date":"2025-12-24T10:03:26","date_gmt":"2025-12-24T10:03:26","guid":{"rendered":"https:\/\/medlinecapitalquote.ca\/products\/tensiometre-autogonflant-intellisense-omron\/"},"modified":"2025-12-31T15:05:52","modified_gmt":"2025-12-31T15:05:52","slug":"tensiometre-autogonflant-intellisense-omron","status":"publish","type":"product","link":"https:\/\/medlinecapitalquote.ca\/fr\/products\/tensiometre-autogonflant-intellisense-omron\/","title":{"rendered":"Tensiom\u00e8tre autogonflant Intellisense\u00ae OMRON\u00ae"},"content":{"rendered":"<ul>\n<li>La technologie IntelliSense d\u00e9termine automatiquement le niveau de pression correct pour une mesure plus rapide et plus confortable de la tension art\u00e9rielle de vos patients<\/li>\n<li>L&rsquo;indicateur de pouls irr\u00e9gulier avertit le clinicien d&rsquo;une diff\u00e9rence de rythme de plus de 25 % par rapport \u00e0 la moyenne, affiche le nombre d&rsquo;ondes de pouls irr\u00e9guli\u00e8res et aide \u00e0 identifier les modifications de la fr\u00e9quence cardiaque, du rythme ou du pouls<\/li>\n<li>3 modes de fonctionnement : le mode simple prend automatiquement une mesure unique; le mode moyen prend 2 ou 3 mesures, calcule automatiquement la moyenne et fournit la mesure la plus pr\u00e9cise pour le patient; le mode auscultation (manuel) permet d&rsquo;utiliser la technique d&rsquo;auscultation (\u00e0 l&rsquo;aide d&rsquo;un st\u00e9thoscope) avec les avantages suppl\u00e9mentaires du gonflage\/d\u00e9gonflage automatique avec affichage num\u00e9rique<\/li>\n<li>Alimentation fiable fournie par l&rsquo;adaptateur CA inclus et la batterie rechargeable (vendue s\u00e9par\u00e9ment)<\/li>\n<li>Comprend un bouton de commande, un grand \u00e9cran facile \u00e0 lire et un arr\u00eat automatique apr\u00e8s 5 minutes d&rsquo;inactivit\u00e9<\/li>\n<\/ul>\n","protected":false},"excerpt":{"rendered":"<p>La technologie IntelliSense d\u00e9termine automatiquement le niveau de pression correct  [&#8230;]<\/p>\n","protected":false},"author":4,"featured_media":151,"template":"","product-categories":[194],"product-rooms":[74],"product-variations":[904,92],"clients":[],"class_list":["post-1669","product","type-product","status-publish","has-post-thumbnail","hentry","product_cat-blood-pressure-fr","product_room-exam-room-fr","product_variation-avec-intellisense","product_variation-configuration-fr"],"acf":[],"_links":{"self":[{"href":"https:\/\/medlinecapitalquote.ca\/fr\/wp-json\/wp\/v2\/products\/1669","targetHints":{"allow":["GET"]}}],"collection":[{"href":"https:\/\/medlinecapitalquote.ca\/fr\/wp-json\/wp\/v2\/products"}],"about":[{"href":"https:\/\/medlinecapitalquote.ca\/fr\/wp-json\/wp\/v2\/types\/product"}],"author":[{"embeddable":true,"href":"https:\/\/medlinecapitalquote.ca\/fr\/wp-json\/wp\/v2\/users\/4"}],"wp:featuredmedia":[{"embeddable":true,"href":"https:\/\/medlinecapitalquote.ca\/fr\/wp-json\/wp\/v2\/media\/151"}],"wp:attachment":[{"href":"https:\/\/medlinecapitalquote.ca\/fr\/wp-json\/wp\/v2\/media?parent=1669"}],"wp:term":[{"taxonomy":"product_cat","embeddable":true,"href":"https:\/\/medlinecapitalquote.ca\/fr\/wp-json\/wp\/v2\/product-categories?post=1669"},{"taxonomy":"product_room","embeddable":true,"href":"https:\/\/medlinecapitalquote.ca\/fr\/wp-json\/wp\/v2\/product-rooms?post=1669"},{"taxonomy":"product_variation","embeddable":true,"href":"https:\/\/medlinecapitalquote.ca\/fr\/wp-json\/wp\/v2\/product-variations?post=1669"},{"taxonomy":"client","embeddable":true,"href":"https:\/\/medlinecapitalquote.ca\/fr\/wp-json\/wp\/v2\/clients?post=1669"}],"curies":[{"name":"wp","href":"https:\/\/api.w.org\/{rel}","templated":true}]}}