{"id":1671,"date":"2025-12-26T06:13:16","date_gmt":"2025-12-26T06:13:16","guid":{"rendered":"https:\/\/medlinecapitalquote.ca\/products\/distributeur-dessuie-mains-mural-tork-xpress\/"},"modified":"2026-01-09T12:12:44","modified_gmt":"2026-01-09T12:12:44","slug":"distributeur-dessuie-mains-mural-tork-xpress","status":"publish","type":"product","link":"https:\/\/medlinecapitalquote.ca\/fr\/products\/distributeur-dessuie-mains-mural-tork-xpress\/","title":{"rendered":"Distributeur d&rsquo;essuie-mains mural Tork Xpress\u00ae"},"content":{"rendered":"<ul>\n<li>Couleur : blanc<\/li>\n<li>Distribue des serviettes en papier \u00e0 plis multiples<\/li>\n<li>Fen\u00eatre d&rsquo;observation pour une visualisation facile du niveau de remplissage<\/li>\n<li>Facile \u00e0 remplir \u00e0 tout moment pour r\u00e9duire les ruptures de stock<\/li>\n<li>Fixation murale pour une mise en place pratique<\/li>\n<li>Design \u00e9l\u00e9gant et moderne<\/li>\n<\/ul>\n","protected":false},"excerpt":{"rendered":"<p>Couleur : blanc Distribue des serviettes en papier \u00e0 plis  [&#8230;]<\/p>\n","protected":false},"author":3,"featured_media":2161,"template":"","product-categories":[446],"product-rooms":[74],"product-variations":[],"clients":[],"class_list":["post-1671","product","type-product","status-publish","has-post-thumbnail","hentry","product_cat-evs-dispensors-fr","product_room-exam-room-fr"],"acf":[],"_links":{"self":[{"href":"https:\/\/medlinecapitalquote.ca\/fr\/wp-json\/wp\/v2\/products\/1671","targetHints":{"allow":["GET"]}}],"collection":[{"href":"https:\/\/medlinecapitalquote.ca\/fr\/wp-json\/wp\/v2\/products"}],"about":[{"href":"https:\/\/medlinecapitalquote.ca\/fr\/wp-json\/wp\/v2\/types\/product"}],"author":[{"embeddable":true,"href":"https:\/\/medlinecapitalquote.ca\/fr\/wp-json\/wp\/v2\/users\/3"}],"wp:featuredmedia":[{"embeddable":true,"href":"https:\/\/medlinecapitalquote.ca\/fr\/wp-json\/wp\/v2\/media\/2161"}],"wp:attachment":[{"href":"https:\/\/medlinecapitalquote.ca\/fr\/wp-json\/wp\/v2\/media?parent=1671"}],"wp:term":[{"taxonomy":"product_cat","embeddable":true,"href":"https:\/\/medlinecapitalquote.ca\/fr\/wp-json\/wp\/v2\/product-categories?post=1671"},{"taxonomy":"product_room","embeddable":true,"href":"https:\/\/medlinecapitalquote.ca\/fr\/wp-json\/wp\/v2\/product-rooms?post=1671"},{"taxonomy":"product_variation","embeddable":true,"href":"https:\/\/medlinecapitalquote.ca\/fr\/wp-json\/wp\/v2\/product-variations?post=1671"},{"taxonomy":"client","embeddable":true,"href":"https:\/\/medlinecapitalquote.ca\/fr\/wp-json\/wp\/v2\/clients?post=1671"}],"curies":[{"name":"wp","href":"https:\/\/api.w.org\/{rel}","templated":true}]}}