{"id":1674,"date":"2025-12-26T07:18:14","date_gmt":"2025-12-26T07:18:14","guid":{"rendered":"https:\/\/medlinecapitalquote.ca\/products\/distributeur-dessuie-mains-tork-avec-capteur-intuition\/"},"modified":"2025-12-31T16:13:23","modified_gmt":"2025-12-31T16:13:23","slug":"distributeur-dessuie-mains-tork-avec-capteur-intuition","status":"publish","type":"product","link":"https:\/\/medlinecapitalquote.ca\/fr\/products\/distributeur-dessuie-mains-tork-avec-capteur-intuition\/","title":{"rendered":"Distributeur d&rsquo;essuie-mains Tork\u00ae avec capteur Intuition"},"content":{"rendered":"<ul>\n<li>Capteur pour une distribution sans contact<\/li>\n<li>14,5 x 13 x 8 po (36,8 x 33 x 20 cm)<\/li>\n<li>Montage mural pour un emplacement pratique<\/li>\n<li>Longueur de serviette r\u00e9glable<\/li>\n<li>Grande capacit\u00e9 et id\u00e9al pour les endroits tr\u00e8s fr\u00e9quent\u00e9s<\/li>\n<li>Facile \u00e0 nettoyer et \u00e0 entretenir<\/li>\n<li>Peut contenir les serviettes Tork H1<\/li>\n<li>Lisse et brillant pour un look haut de gamme<\/li>\n<\/ul>\n","protected":false},"excerpt":{"rendered":"<p>Capteur pour une distribution sans contact 14,5 x 13 x  [&#8230;]<\/p>\n","protected":false},"author":3,"featured_media":1374,"template":"","product-categories":[446],"product-rooms":[74],"product-variations":[95,525],"clients":[],"class_list":["post-1674","product","type-product","status-publish","has-post-thumbnail","hentry","product_cat-evs-dispensors-fr","product_room-exam-room-fr","product_variation-colour-fr","product_variation-noir"],"acf":[],"_links":{"self":[{"href":"https:\/\/medlinecapitalquote.ca\/fr\/wp-json\/wp\/v2\/products\/1674","targetHints":{"allow":["GET"]}}],"collection":[{"href":"https:\/\/medlinecapitalquote.ca\/fr\/wp-json\/wp\/v2\/products"}],"about":[{"href":"https:\/\/medlinecapitalquote.ca\/fr\/wp-json\/wp\/v2\/types\/product"}],"author":[{"embeddable":true,"href":"https:\/\/medlinecapitalquote.ca\/fr\/wp-json\/wp\/v2\/users\/3"}],"wp:featuredmedia":[{"embeddable":true,"href":"https:\/\/medlinecapitalquote.ca\/fr\/wp-json\/wp\/v2\/media\/1374"}],"wp:attachment":[{"href":"https:\/\/medlinecapitalquote.ca\/fr\/wp-json\/wp\/v2\/media?parent=1674"}],"wp:term":[{"taxonomy":"product_cat","embeddable":true,"href":"https:\/\/medlinecapitalquote.ca\/fr\/wp-json\/wp\/v2\/product-categories?post=1674"},{"taxonomy":"product_room","embeddable":true,"href":"https:\/\/medlinecapitalquote.ca\/fr\/wp-json\/wp\/v2\/product-rooms?post=1674"},{"taxonomy":"product_variation","embeddable":true,"href":"https:\/\/medlinecapitalquote.ca\/fr\/wp-json\/wp\/v2\/product-variations?post=1674"},{"taxonomy":"client","embeddable":true,"href":"https:\/\/medlinecapitalquote.ca\/fr\/wp-json\/wp\/v2\/clients?post=1674"}],"curies":[{"name":"wp","href":"https:\/\/api.w.org\/{rel}","templated":true}]}}