{"id":1680,"date":"2025-12-26T15:44:59","date_gmt":"2025-12-26T15:44:59","guid":{"rendered":"https:\/\/medlinecapitalquote.ca\/products\/defibrillateur-zoll-aed-plus\/"},"modified":"2025-12-31T18:13:48","modified_gmt":"2025-12-31T18:13:48","slug":"defibrillateur-zoll-aed-plus","status":"publish","type":"product","link":"https:\/\/medlinecapitalquote.ca\/fr\/products\/defibrillateur-zoll-aed-plus\/","title":{"rendered":"D\u00e9fibrillateur Zoll\u00ae AED Plus"},"content":{"rendered":"<ul>\n<li>Fournit un retour d&rsquo;information en temps r\u00e9el sur le rythme et la profondeur des compressions thoraciques<\/li>\n<li>\u00c9lectrodes CPR-D-padz\u00ae en une seule pi\u00e8ce avec dur\u00e9e de conservation de 5 ans<\/li>\n<li>L&rsquo;appareil d\u00e9livre automatiquement un choc quand un rythme cardiaque qui justifie une d\u00e9charge est d\u00e9tect\u00e9<\/li>\n<li>R\u00e9siste aux temp\u00e9ratures extr\u00eames, \u00e0 l&rsquo;altitude, aux vibrations et aux chocs<\/li>\n<li>L&rsquo;auto-test automatique permet de garantir sa disponibilit\u00e9 en cas de besoin<\/li>\n<li>\u00c9tui souple pour faciliter le transport<\/li>\n<\/ul>\n","protected":false},"excerpt":{"rendered":"<p>Fournit un retour d&rsquo;information en temps r\u00e9el sur le rythme  [&#8230;]<\/p>\n","protected":false},"author":3,"featured_media":1677,"template":"","product-categories":[443],"product-rooms":[74],"product-variations":[534,533,92],"clients":[],"class_list":["post-1680","product","type-product","status-publish","has-post-thumbnail","hentry","product_cat-defibrillators-fr","product_room-exam-room-fr","product_variation-entierement-automatique","product_variation-semi-automatique","product_variation-configuration-fr"],"acf":[],"_links":{"self":[{"href":"https:\/\/medlinecapitalquote.ca\/fr\/wp-json\/wp\/v2\/products\/1680","targetHints":{"allow":["GET"]}}],"collection":[{"href":"https:\/\/medlinecapitalquote.ca\/fr\/wp-json\/wp\/v2\/products"}],"about":[{"href":"https:\/\/medlinecapitalquote.ca\/fr\/wp-json\/wp\/v2\/types\/product"}],"author":[{"embeddable":true,"href":"https:\/\/medlinecapitalquote.ca\/fr\/wp-json\/wp\/v2\/users\/3"}],"wp:featuredmedia":[{"embeddable":true,"href":"https:\/\/medlinecapitalquote.ca\/fr\/wp-json\/wp\/v2\/media\/1677"}],"wp:attachment":[{"href":"https:\/\/medlinecapitalquote.ca\/fr\/wp-json\/wp\/v2\/media?parent=1680"}],"wp:term":[{"taxonomy":"product_cat","embeddable":true,"href":"https:\/\/medlinecapitalquote.ca\/fr\/wp-json\/wp\/v2\/product-categories?post=1680"},{"taxonomy":"product_room","embeddable":true,"href":"https:\/\/medlinecapitalquote.ca\/fr\/wp-json\/wp\/v2\/product-rooms?post=1680"},{"taxonomy":"product_variation","embeddable":true,"href":"https:\/\/medlinecapitalquote.ca\/fr\/wp-json\/wp\/v2\/product-variations?post=1680"},{"taxonomy":"client","embeddable":true,"href":"https:\/\/medlinecapitalquote.ca\/fr\/wp-json\/wp\/v2\/clients?post=1680"}],"curies":[{"name":"wp","href":"https:\/\/api.w.org\/{rel}","templated":true}]}}